{"id":79012,"date":"2025-06-28T11:54:07","date_gmt":"2025-06-28T09:54:07","guid":{"rendered":"https:\/\/www.caveaustar.ch\/produkt\/cs-vario-02\/"},"modified":"2025-06-28T11:54:07","modified_gmt":"2025-06-28T09:54:07","slug":"cs-vario-02","status":"publish","type":"product","link":"https:\/\/www.caveaustar.ch\/it\/prodotto\/cs-vario-02\/","title":{"rendered":"CS-Vario-02"},"content":{"rendered":"<h2>Gamma di modelli variabile<\/h2>\n<p>I portabottiglie della serie CS-Vario-02 sono disponibili in 7 versioni, che si differenziano per altezza, larghezza e profondit\u00e0. In questo modo \u00e8 possibile trovare una Portabottiglie adatta a tutte le esigenze di spazio. <\/p>\n<h2>Stessa larghezza con altezza e profondit\u00e0 diverse<\/h2>\n<p>Questa serie di Portabottiglie \u00e8 caratterizzata dalle stesse dimensioni dello scomparto in larghezza. Pu\u00f2 contenere 12, se non 15, bottiglie di vino a una profondit\u00e0 di 32 cm. Con una profondit\u00e0 di 50 cm, le bottiglie possono essere posizionate spalla a spalla, raddoppiando cos\u00ec il volume.  <\/p>\n<h2>Perfetto per le casse di legno<\/h2>\n<p>I modelli con profondit\u00e0 di 50 cm sono ideali per riporre le casse di legno. Con o senza cassetto. Le casse di legno standard con 6 bottiglie possono essere inserite nei modelli con profondit\u00e0 di 32 cm. I modelli con profondit\u00e0 di 50 cm possono contenere casse di legno con 12 bottiglie o due casse di legno con 6 bottiglie ciascuna, una dietro l&#8217;altra.   <\/p>\n<h2>Supplemento con piastre di copertura<\/h2>\n<p>Per i modelli a mezza altezza, soprattutto quando si combinano pi\u00f9 modelli di questo tipo, i pannelli di copertura in diversi tipi di legno sono un&#8217;ottima aggiunta. Forniscono una finitura simile a quella di un tavolo e sono visivamente attraenti. Che ne dici di un tavolo da degustazione? A titolo di esempio, puoi dare un&#8217;occhiata al<a href=\"https:\/\/www.caveaustar.ch\/it\/prodotto\/tavolo-di-degustazione-grande\/\">&#8220;tavolo da degustazione grande<\/a>&#8221; o al<a href=\"https:\/\/www.caveaustar.ch\/it\/prodotto\/tavolo-di-degustazione-significa\/\">&#8220;tavolo da degustazione medio<\/a>&#8220;.   <\/p>\n<h2>Le regolazioni sono possibili in qualsiasi momento<\/h2>\n<p><span style=\"font-size: 14.4px;\">E se le varianti disponibili non sono adatte, siamo flessibili. Possiamo personalizzare qualsiasi Portabottiglie in base alle tue esigenze. Un numero diverso di ripiani in altezza?   Nessun problema.  <\/span><\/p>\n","protected":false},"excerpt":{"rendered":"<p>Seleziona altezza, larghezza e profondit\u00e0 e scopri il CS-Vario-02 perfetto.<\/p>\n","protected":false},"featured_media":78345,"template":"","meta":{"jetpack_post_was_ever_published":false,"jetpack_publicize_message":"","jetpack_publicize_feature_enabled":true,"jetpack_social_post_already_shared":true,"jetpack_social_options":{"image_generator_settings":{"template":"highway","default_image_id":0,"font":"","enabled":false},"version":2}},"product_brand":[1208],"product_cat":[1216,510],"product_tag":[],"class_list":{"0":"post-79012","1":"product","2":"type-product","3":"status-publish","4":"has-post-thumbnail","6":"product_brand-caveaustar","7":"product_cat-vario","8":"product_cat-portabottiglie","10":"first","11":"instock","12":"taxable","13":"shipping-taxable","14":"purchasable","15":"product-type-variable","16":"has-default-attributes"},"jetpack_publicize_connections":[],"jetpack_sharing_enabled":true,"_links":{"self":[{"href":"https:\/\/www.caveaustar.ch\/it\/wp-json\/wp\/v2\/product\/79012","targetHints":{"allow":["GET"]}}],"collection":[{"href":"https:\/\/www.caveaustar.ch\/it\/wp-json\/wp\/v2\/product"}],"about":[{"href":"https:\/\/www.caveaustar.ch\/it\/wp-json\/wp\/v2\/types\/product"}],"wp:featuredmedia":[{"embeddable":true,"href":"https:\/\/www.caveaustar.ch\/it\/wp-json\/wp\/v2\/media\/78345"}],"wp:attachment":[{"href":"https:\/\/www.caveaustar.ch\/it\/wp-json\/wp\/v2\/media?parent=79012"}],"wp:term":[{"taxonomy":"product_brand","embeddable":true,"href":"https:\/\/www.caveaustar.ch\/it\/wp-json\/wp\/v2\/product_brand?post=79012"},{"taxonomy":"product_cat","embeddable":true,"href":"https:\/\/www.caveaustar.ch\/it\/wp-json\/wp\/v2\/product_cat?post=79012"},{"taxonomy":"product_tag","embeddable":true,"href":"https:\/\/www.caveaustar.ch\/it\/wp-json\/wp\/v2\/product_tag?post=79012"}],"curies":[{"name":"wp","href":"https:\/\/api.w.org\/{rel}","templated":true}]}}