{"id":70096,"date":"2015-07-18T12:59:08","date_gmt":"2015-07-18T10:59:08","guid":{"rendered":"https:\/\/www.caveaustar.ch\/produkt\/cs-cuscinetto-09\/"},"modified":"2025-11-18T10:51:23","modified_gmt":"2025-11-18T08:51:23","slug":"cs-cuscinetto-09","status":"publish","type":"product","link":"https:\/\/www.caveaustar.ch\/it\/prodotto\/cs-cuscinetto-09\/","title":{"rendered":"CS-Cuscinetto-09"},"content":{"rendered":"","protected":false},"excerpt":{"rendered":"<ul>\n<li>Semplice portaoggetti per 2 sacche da golf.<\/li>\n<li><strong>Profondit\u00e0 extra di 40 cm.<\/strong><\/li>\n<li>Nuova versione rivista che offre pi\u00f9 flessibilit\u00e0 e maggiore facilit\u00e0 d&#8217;uso.<\/li>\n<li><strong>Comprese 3 tavole da inserire<\/strong> e opzionalmente estendibile con fino a 3 ulteriori tavole da inserire (possibile un totale di 6 tavole da inserire).<\/li>\n<\/ul>\n","protected":false},"featured_media":67163,"template":"","meta":{"jetpack_post_was_ever_published":false,"jetpack_publicize_message":"","jetpack_publicize_feature_enabled":true,"jetpack_social_post_already_shared":false,"jetpack_social_options":{"image_generator_settings":{"template":"highway","default_image_id":0,"font":"","enabled":false},"version":2}},"product_brand":[],"product_cat":[540,543],"product_tag":[685,700],"class_list":{"0":"post-70096","1":"product","2":"type-product","3":"status-publish","4":"has-post-thumbnail","6":"product_cat-golf-ski-it","7":"product_cat-golf-it","8":"product_tag-golf-it","9":"product_tag-scaffale-di-stoccaggio","10":"product_shipping_class-modello-grande","12":"first","13":"instock","14":"taxable","15":"shipping-taxable","16":"purchasable","17":"product-type-simple"},"jetpack_publicize_connections":[],"jetpack_sharing_enabled":true,"_links":{"self":[{"href":"https:\/\/www.caveaustar.ch\/it\/wp-json\/wp\/v2\/product\/70096","targetHints":{"allow":["GET"]}}],"collection":[{"href":"https:\/\/www.caveaustar.ch\/it\/wp-json\/wp\/v2\/product"}],"about":[{"href":"https:\/\/www.caveaustar.ch\/it\/wp-json\/wp\/v2\/types\/product"}],"wp:featuredmedia":[{"embeddable":true,"href":"https:\/\/www.caveaustar.ch\/it\/wp-json\/wp\/v2\/media\/67163"}],"wp:attachment":[{"href":"https:\/\/www.caveaustar.ch\/it\/wp-json\/wp\/v2\/media?parent=70096"}],"wp:term":[{"taxonomy":"product_brand","embeddable":true,"href":"https:\/\/www.caveaustar.ch\/it\/wp-json\/wp\/v2\/product_brand?post=70096"},{"taxonomy":"product_cat","embeddable":true,"href":"https:\/\/www.caveaustar.ch\/it\/wp-json\/wp\/v2\/product_cat?post=70096"},{"taxonomy":"product_tag","embeddable":true,"href":"https:\/\/www.caveaustar.ch\/it\/wp-json\/wp\/v2\/product_tag?post=70096"}],"curies":[{"name":"wp","href":"https:\/\/api.w.org\/{rel}","templated":true}]}}