{"id":69961,"date":"2019-09-03T17:35:52","date_gmt":"2019-09-03T15:35:52","guid":{"rendered":"https:\/\/www.caveaustar.ch\/produkt\/3-di-fila\/"},"modified":"2025-11-18T10:45:26","modified_gmt":"2025-11-18T08:45:26","slug":"3-in-una-fila","status":"publish","type":"product","link":"https:\/\/www.caveaustar.ch\/it\/prodotto\/3-in-una-fila\/","title":{"rendered":"3 di fila"},"content":{"rendered":"<p>La tua nuova parete preferita in cantina \u00e8 composta da 3 Portabottiglie e si rivolge agli amanti del vino che possiedono principalmente 6 e 12 bottiglie con occasionali bottiglie di champagne o magnum e per i quali \u00e8 importante un aspetto simmetrico.<\/p>\n<p>Hai bisogno di un muro libero con una lunghezza di 254 cm. Su una parete continua con un pavimento livellato, non ha bisogno di un montaggio a muro ed \u00e8 assolutamente stabile con il peso delle bottiglie. Il nostro consiglio: collega le Portabottiglie ai lati con viti per legno (3 x 30 Torx).<\/p>\n<p>Capacit\u00e0: da 500 a 600 bottiglie, a seconda della forma della bottiglia e della quantit\u00e0 per variet\u00e0.<\/p>\n<p>I costi di consegna sono per la consegna tramite corriere e a bordo strada. Tuttavia, siamo anche felici di consegnare direttamente, compresa l&#8217;installazione delle Portabottiglie nella cantina e l&#8217;arredamento in loco. Per favore, fatecelo sapere nell&#8217;ordine con una piccola nota.<\/p>\n","protected":false},"excerpt":{"rendered":"<p>La tua nuova parete preferita in cantina \u00e8 composta da 3 Portabottiglie e si rivolge agli amanti del vino che possiedono principalmente 6 e 12 bottiglie con occasionali bottiglie di champagne o magnum e per i quali \u00e8 importante un aspetto simmetrico. Hai bisogno di un muro libero con una lunghezza di 254 cm. Su [&#8230;]\n","protected":false},"featured_media":70984,"template":"","meta":{"jetpack_post_was_ever_published":false,"jetpack_publicize_message":"","jetpack_publicize_feature_enabled":true,"jetpack_social_post_already_shared":false,"jetpack_social_options":{"image_generator_settings":{"template":"highway","default_image_id":0,"font":"","enabled":false},"version":2}},"product_brand":[],"product_cat":[516],"product_tag":[501,707],"class_list":{"0":"post-69961","1":"product","2":"type-product","3":"status-publish","4":"has-post-thumbnail","6":"product_cat-combinazioni","7":"product_tag-base","8":"product_tag-presentazione","9":"product_shipping_class-combinazione","11":"first","12":"instock","13":"taxable","14":"shipping-taxable","15":"purchasable","16":"product-type-woosb"},"jetpack_publicize_connections":[],"jetpack_sharing_enabled":true,"_links":{"self":[{"href":"https:\/\/www.caveaustar.ch\/it\/wp-json\/wp\/v2\/product\/69961","targetHints":{"allow":["GET"]}}],"collection":[{"href":"https:\/\/www.caveaustar.ch\/it\/wp-json\/wp\/v2\/product"}],"about":[{"href":"https:\/\/www.caveaustar.ch\/it\/wp-json\/wp\/v2\/types\/product"}],"wp:featuredmedia":[{"embeddable":true,"href":"https:\/\/www.caveaustar.ch\/it\/wp-json\/wp\/v2\/media\/70984"}],"wp:attachment":[{"href":"https:\/\/www.caveaustar.ch\/it\/wp-json\/wp\/v2\/media?parent=69961"}],"wp:term":[{"taxonomy":"product_brand","embeddable":true,"href":"https:\/\/www.caveaustar.ch\/it\/wp-json\/wp\/v2\/product_brand?post=69961"},{"taxonomy":"product_cat","embeddable":true,"href":"https:\/\/www.caveaustar.ch\/it\/wp-json\/wp\/v2\/product_cat?post=69961"},{"taxonomy":"product_tag","embeddable":true,"href":"https:\/\/www.caveaustar.ch\/it\/wp-json\/wp\/v2\/product_tag?post=69961"}],"curies":[{"name":"wp","href":"https:\/\/api.w.org\/{rel}","templated":true}]}}