{"id":69954,"date":"2015-02-16T22:13:10","date_gmt":"2015-02-16T20:13:10","guid":{"rendered":"https:\/\/www.caveaustar.ch\/produkt\/cs-basic-23\/"},"modified":"2025-11-18T10:51:31","modified_gmt":"2025-11-18T08:51:31","slug":"cs-basic-23","status":"publish","type":"product","link":"https:\/\/www.caveaustar.ch\/it\/prodotto\/cs-basic-23\/","title":{"rendered":"CS-Basic-23"},"content":{"rendered":"","protected":false},"excerpt":{"rendered":"<p>Il genio dello smistamento per piccole quantit\u00e0. Non \u00e8 possibile avere pi\u00f9 scomparti in uno spazio pi\u00f9 piccolo.<\/p>\n","protected":false},"featured_media":66524,"template":"","meta":{"jetpack_post_was_ever_published":false,"jetpack_publicize_message":"","jetpack_publicize_feature_enabled":true,"jetpack_social_post_already_shared":false,"jetpack_social_options":{"image_generator_settings":{"template":"highway","default_image_id":0,"font":"","enabled":false},"version":2}},"product_brand":[],"product_cat":[394],"product_tag":[501,659],"class_list":{"0":"post-69954","1":"product","2":"type-product","3":"status-publish","4":"has-post-thumbnail","6":"product_cat-base","7":"product_tag-base","8":"product_tag-piccole-quantita","9":"product_shipping_class-modello-grande","10":"pa_anzahl-flaschen-150-200-bottiglie","12":"first","13":"instock","14":"taxable","15":"shipping-taxable","16":"purchasable","17":"product-type-simple"},"jetpack_publicize_connections":[],"jetpack_sharing_enabled":true,"_links":{"self":[{"href":"https:\/\/www.caveaustar.ch\/it\/wp-json\/wp\/v2\/product\/69954","targetHints":{"allow":["GET"]}}],"collection":[{"href":"https:\/\/www.caveaustar.ch\/it\/wp-json\/wp\/v2\/product"}],"about":[{"href":"https:\/\/www.caveaustar.ch\/it\/wp-json\/wp\/v2\/types\/product"}],"wp:featuredmedia":[{"embeddable":true,"href":"https:\/\/www.caveaustar.ch\/it\/wp-json\/wp\/v2\/media\/66524"}],"wp:attachment":[{"href":"https:\/\/www.caveaustar.ch\/it\/wp-json\/wp\/v2\/media?parent=69954"}],"wp:term":[{"taxonomy":"product_brand","embeddable":true,"href":"https:\/\/www.caveaustar.ch\/it\/wp-json\/wp\/v2\/product_brand?post=69954"},{"taxonomy":"product_cat","embeddable":true,"href":"https:\/\/www.caveaustar.ch\/it\/wp-json\/wp\/v2\/product_cat?post=69954"},{"taxonomy":"product_tag","embeddable":true,"href":"https:\/\/www.caveaustar.ch\/it\/wp-json\/wp\/v2\/product_tag?post=69954"}],"curies":[{"name":"wp","href":"https:\/\/api.w.org\/{rel}","templated":true}]}}