{"id":79013,"date":"2025-06-28T11:54:07","date_gmt":"2025-06-28T09:54:07","guid":{"rendered":"https:\/\/www.caveaustar.ch\/produkt\/cs-vario-02\/"},"modified":"2025-06-28T11:54:07","modified_gmt":"2025-06-28T09:54:07","slug":"cs-vario-02","status":"publish","type":"product","link":"https:\/\/www.caveaustar.ch\/fr\/produit\/cs-vario-02\/","title":{"rendered":"CS-Vario-02"},"content":{"rendered":"<h2>Gamme de mod\u00e8les variables<\/h2>\n<p>Les casiers \u00e0 vin de la s\u00e9rie CS-Vario-02 sont disponibles en 7 versions qui se distinguent par leur hauteur, leur largeur et leur profondeur. Il est donc possible de trouver un casier \u00e0 vin adapt\u00e9 \u00e0 toutes les contraintes d&rsquo;espace. <\/p>\n<h2>Une largeur identique pour une hauteur et une profondeur diff\u00e9rentes<\/h2>\n<p>Cette s\u00e9rie de casiers \u00e0 vin se caract\u00e9rise par des compartiments de m\u00eame taille en largeur. On peut y ranger 12, voire 15 bouteilles de vin pour une profondeur de 32 cm. Avec une profondeur de 50 cm, les bouteilles peuvent \u00eatre plac\u00e9es \u00e9paule contre \u00e9paule, ce qui permet de doubler le volume.  <\/p>\n<h2>Parfait pour les caisses en bois<\/h2>\n<p>Les mod\u00e8les de 50 cm de profondeur conviennent tr\u00e8s bien pour le stockage de caisses en bois. Avec ou sans tiroir. Les mod\u00e8les de 32 cm de profondeur peuvent contenir des caisses en bois standard de 6 bouteilles. Les mod\u00e8les de 50 cm de profondeur peuvent accueillir des caisses en bois de 12 bouteilles ou deux caisses en bois de 6 bouteilles l&rsquo;une derri\u00e8re l&rsquo;autre.   <\/p>\n<h2>Compl\u00e9ment avec plaques de recouvrement<\/h2>\n<p>Pour les mod\u00e8les mi-hauteurs &#8211; en particulier lorsque plusieurs mod\u00e8les de ce type sont combin\u00e9s &#8211; les plateaux de finition en diff\u00e9rentes essences de bois sont un bon compl\u00e9ment. Ils offrent une finition semblable \u00e0 celle d&rsquo;une table et sont un atout visuel. Que diriez-vous d&rsquo;une table de d\u00e9gustation ? \u00c0 titre d&rsquo;exemple, vous pouvez regarder la<a href=\"https:\/\/www.caveaustar.ch\/fr\/produit\/table-de-degustation-grande\/\">\u00ab\u00a0table de d\u00e9gustation grande<\/a>\u00a0\u00bb ou la<a href=\"https:\/\/www.caveaustar.ch\/fr\/produit\/moyen-de-table-de-degustation\/\">\u00ab\u00a0table de d\u00e9gustation moyenne<\/a>\u00ab\u00a0.   <\/p>\n<h2>Adaptations possibles \u00e0 tout moment<\/h2>\n<p><span style=\"font-size: 14.4px;\">Et si les pr\u00e9sentes variations ne vous conviennent pas, nous sommes flexibles. Nous pouvons adapter chaque casier \u00e0 vin \u00e0 votre situation. Un nombre diff\u00e9rent de compartiments en hauteur ?   Pas de probl\u00e8me.  <\/span><\/p>\n","protected":false},"excerpt":{"rendered":"<p>S\u00e9lectionnez la hauteur, la largeur et la profondeur et d\u00e9couvrez le CS-Vario-02 parfait.<\/p>\n","protected":false},"featured_media":78345,"template":"","meta":{"jetpack_post_was_ever_published":false,"jetpack_publicize_message":"","jetpack_publicize_feature_enabled":true,"jetpack_social_post_already_shared":true,"jetpack_social_options":{"image_generator_settings":{"template":"highway","default_image_id":0,"font":"","enabled":false},"version":2}},"product_brand":[1208],"product_cat":[1226,509],"product_tag":[],"class_list":{"0":"post-79013","1":"product","2":"type-product","3":"status-publish","4":"has-post-thumbnail","6":"product_brand-caveaustar","7":"product_cat-vario","8":"product_cat-casiers-a-vin","10":"first","11":"instock","12":"taxable","13":"shipping-taxable","14":"purchasable","15":"product-type-variable","16":"has-default-attributes"},"jetpack_publicize_connections":[],"jetpack_sharing_enabled":true,"_links":{"self":[{"href":"https:\/\/www.caveaustar.ch\/fr\/wp-json\/wp\/v2\/product\/79013","targetHints":{"allow":["GET"]}}],"collection":[{"href":"https:\/\/www.caveaustar.ch\/fr\/wp-json\/wp\/v2\/product"}],"about":[{"href":"https:\/\/www.caveaustar.ch\/fr\/wp-json\/wp\/v2\/types\/product"}],"wp:featuredmedia":[{"embeddable":true,"href":"https:\/\/www.caveaustar.ch\/fr\/wp-json\/wp\/v2\/media\/78345"}],"wp:attachment":[{"href":"https:\/\/www.caveaustar.ch\/fr\/wp-json\/wp\/v2\/media?parent=79013"}],"wp:term":[{"taxonomy":"product_brand","embeddable":true,"href":"https:\/\/www.caveaustar.ch\/fr\/wp-json\/wp\/v2\/product_brand?post=79013"},{"taxonomy":"product_cat","embeddable":true,"href":"https:\/\/www.caveaustar.ch\/fr\/wp-json\/wp\/v2\/product_cat?post=79013"},{"taxonomy":"product_tag","embeddable":true,"href":"https:\/\/www.caveaustar.ch\/fr\/wp-json\/wp\/v2\/product_tag?post=79013"}],"curies":[{"name":"wp","href":"https:\/\/api.w.org\/{rel}","templated":true}]}}