{"id":78985,"date":"2020-03-02T15:59:53","date_gmt":"2020-03-02T13:59:53","guid":{"rendered":"https:\/\/www.caveaustar.ch\/produkt\/cs-lager-25\/"},"modified":"2020-03-02T15:59:53","modified_gmt":"2020-03-02T13:59:53","slug":"cs-lager-25","status":"publish","type":"product","link":"https:\/\/www.caveaustar.ch\/fr\/produit\/cs-lager-25\/","title":{"rendered":"CS-Lager-25"},"content":{"rendered":"","protected":false},"excerpt":{"rendered":"<p>Le mod\u00e8le CS-Lager-25 est un hybride entre un casier domestique et un casier \u00e0 vin. Deux portes \u00e0 ouverture individuelle cachent le contenu dans la partie sup\u00e9rieure, o\u00f9 des \u00e9tag\u00e8res flexibles permettent de diviser les compartiments selon les besoins.<\/p>\n<p>Dans la partie inf\u00e9rieure, on trouve des compartiments pour le stockage du vin pour des quantit\u00e9s de 6 et 12 bouteilles.<\/p>\n<p>Deux tablettes d&rsquo;insertion pour la partie sup\u00e9rieure incluses. 4 pi\u00e8ces possibles au total.<\/p>\n","protected":false},"featured_media":5341,"template":"","meta":{"jetpack_post_was_ever_published":false,"jetpack_publicize_message":"","jetpack_publicize_feature_enabled":true,"jetpack_social_post_already_shared":true,"jetpack_social_options":{"image_generator_settings":{"template":"highway","default_image_id":0,"font":"","enabled":false},"version":2}},"product_brand":[],"product_cat":[509,387,536,547],"product_tag":[614,714,698,722],"class_list":{"0":"post-78985","1":"product","2":"type-product","3":"status-publish","4":"has-post-thumbnail","6":"product_cat-casiers-a-vin","7":"product_cat-basic-fr","8":"product_cat-casiers-de-stockage","9":"product_cat-menage","10":"product_tag-articles-menagers","11":"product_tag-brise-vue","12":"product_tag-etagere-de-stockage","13":"product_tag-porte","14":"product_shipping_class-grand-modele","16":"first","17":"instock","18":"taxable","19":"shipping-taxable","20":"purchasable","21":"product-type-simple"},"jetpack_publicize_connections":[],"jetpack_sharing_enabled":true,"_links":{"self":[{"href":"https:\/\/www.caveaustar.ch\/fr\/wp-json\/wp\/v2\/product\/78985","targetHints":{"allow":["GET"]}}],"collection":[{"href":"https:\/\/www.caveaustar.ch\/fr\/wp-json\/wp\/v2\/product"}],"about":[{"href":"https:\/\/www.caveaustar.ch\/fr\/wp-json\/wp\/v2\/types\/product"}],"wp:featuredmedia":[{"embeddable":true,"href":"https:\/\/www.caveaustar.ch\/fr\/wp-json\/wp\/v2\/media\/5341"}],"wp:attachment":[{"href":"https:\/\/www.caveaustar.ch\/fr\/wp-json\/wp\/v2\/media?parent=78985"}],"wp:term":[{"taxonomy":"product_brand","embeddable":true,"href":"https:\/\/www.caveaustar.ch\/fr\/wp-json\/wp\/v2\/product_brand?post=78985"},{"taxonomy":"product_cat","embeddable":true,"href":"https:\/\/www.caveaustar.ch\/fr\/wp-json\/wp\/v2\/product_cat?post=78985"},{"taxonomy":"product_tag","embeddable":true,"href":"https:\/\/www.caveaustar.ch\/fr\/wp-json\/wp\/v2\/product_tag?post=78985"}],"curies":[{"name":"wp","href":"https:\/\/api.w.org\/{rel}","templated":true}]}}