{"id":78971,"date":"2025-05-15T21:42:33","date_gmt":"2025-05-15T19:42:33","guid":{"rendered":"https:\/\/www.caveaustar.ch\/produkt\/cs-vario-01\/"},"modified":"2025-05-15T21:42:33","modified_gmt":"2025-05-15T19:42:33","slug":"cs-vario-01","status":"publish","type":"product","link":"https:\/\/www.caveaustar.ch\/fr\/produit\/cs-vario-01\/","title":{"rendered":"CS-Vario-01"},"content":{"rendered":"<p>Le Casier \u00e0 vin CS-Vario-01 est disponible en 7 versions, qui se distinguent par leur hauteur et leur largeur. Il est donc possible de trouver un casier \u00e0 vin adapt\u00e9 \u00e0 toutes les contraintes d&rsquo;espace. <\/p>\n<p>Tous les casiers \u00e0 vin de la s\u00e9rie CS-Vario-01 ont la m\u00eame taille de casier. Chaque casier peut contenir 6 bouteilles. Un carton de vin bien rang\u00e9.  <\/p>\n<p>Et si les pr\u00e9sentes variations ne conviennent pas, nous sommes flexibles. Nous pouvons adapter chaque casier \u00e0 vin \u00e0 votre situation. <\/p>\n","protected":false},"excerpt":{"rendered":"<p>S\u00e9lectionnez la hauteur et la largeur et d\u00e9couvrez le CS-Vario-01 parfait.<\/p>\n","protected":false},"featured_media":78235,"template":"","meta":{"jetpack_post_was_ever_published":false,"jetpack_publicize_message":"","jetpack_publicize_feature_enabled":true,"jetpack_social_post_already_shared":true,"jetpack_social_options":{"image_generator_settings":{"template":"highway","default_image_id":0,"font":"","enabled":false},"version":2}},"product_brand":[],"product_cat":[509,1226],"product_tag":[],"class_list":{"0":"post-78971","1":"product","2":"type-product","3":"status-publish","4":"has-post-thumbnail","6":"product_cat-casiers-a-vin","7":"product_cat-vario","9":"first","10":"instock","11":"taxable","12":"shipping-taxable","13":"purchasable","14":"product-type-variable","15":"has-default-attributes"},"jetpack_publicize_connections":[],"jetpack_sharing_enabled":true,"_links":{"self":[{"href":"https:\/\/www.caveaustar.ch\/fr\/wp-json\/wp\/v2\/product\/78971","targetHints":{"allow":["GET"]}}],"collection":[{"href":"https:\/\/www.caveaustar.ch\/fr\/wp-json\/wp\/v2\/product"}],"about":[{"href":"https:\/\/www.caveaustar.ch\/fr\/wp-json\/wp\/v2\/types\/product"}],"wp:featuredmedia":[{"embeddable":true,"href":"https:\/\/www.caveaustar.ch\/fr\/wp-json\/wp\/v2\/media\/78235"}],"wp:attachment":[{"href":"https:\/\/www.caveaustar.ch\/fr\/wp-json\/wp\/v2\/media?parent=78971"}],"wp:term":[{"taxonomy":"product_brand","embeddable":true,"href":"https:\/\/www.caveaustar.ch\/fr\/wp-json\/wp\/v2\/product_brand?post=78971"},{"taxonomy":"product_cat","embeddable":true,"href":"https:\/\/www.caveaustar.ch\/fr\/wp-json\/wp\/v2\/product_cat?post=78971"},{"taxonomy":"product_tag","embeddable":true,"href":"https:\/\/www.caveaustar.ch\/fr\/wp-json\/wp\/v2\/product_tag?post=78971"}],"curies":[{"name":"wp","href":"https:\/\/api.w.org\/{rel}","templated":true}]}}