{"id":76767,"date":"2021-08-26T14:24:55","date_gmt":"2021-08-26T12:24:55","guid":{"rendered":"https:\/\/www.caveaustar.ch\/produkt\/cs-basic-25\/"},"modified":"2025-11-18T10:52:39","modified_gmt":"2025-11-18T08:52:39","slug":"cs-basic-25","status":"publish","type":"product","link":"https:\/\/www.caveaustar.ch\/fr\/produit\/cs-basic-25\/","title":{"rendered":"CS-Basic-25"},"content":{"rendered":"","protected":false},"excerpt":{"rendered":"<p>Le g\u00e9nie de la sym\u00e9trie ! 24 casiers ou 12 casiers dans un espace r\u00e9duit. Disponible en deux tailles.<\/p>\n","protected":false},"featured_media":66535,"template":"","meta":{"jetpack_post_was_ever_published":false,"jetpack_publicize_message":"","jetpack_publicize_feature_enabled":true,"jetpack_social_post_already_shared":false,"jetpack_social_options":{"image_generator_settings":{"template":"highway","default_image_id":0,"font":"","enabled":false},"version":2}},"product_brand":[],"product_cat":[387,512],"product_tag":[556,487],"class_list":{"0":"post-76767","1":"product","2":"type-product","3":"status-publish","4":"has-post-thumbnail","6":"product_cat-basic-fr","7":"product_cat-les-classiques","8":"product_tag-6-bouteilles","9":"product_tag-basic-fr","10":"product_shipping_class-grand-modele","11":"pa_anzahl-flaschen-150-200-bouteilles","12":"pa_anzahl-flaschen-50-100-bouteilles","14":"first","15":"instock","16":"taxable","17":"shipping-taxable","18":"purchasable","19":"product-type-variable","20":"has-default-attributes"},"jetpack_publicize_connections":[],"jetpack_sharing_enabled":true,"_links":{"self":[{"href":"https:\/\/www.caveaustar.ch\/fr\/wp-json\/wp\/v2\/product\/76767","targetHints":{"allow":["GET"]}}],"collection":[{"href":"https:\/\/www.caveaustar.ch\/fr\/wp-json\/wp\/v2\/product"}],"about":[{"href":"https:\/\/www.caveaustar.ch\/fr\/wp-json\/wp\/v2\/types\/product"}],"wp:featuredmedia":[{"embeddable":true,"href":"https:\/\/www.caveaustar.ch\/fr\/wp-json\/wp\/v2\/media\/66535"}],"wp:attachment":[{"href":"https:\/\/www.caveaustar.ch\/fr\/wp-json\/wp\/v2\/media?parent=76767"}],"wp:term":[{"taxonomy":"product_brand","embeddable":true,"href":"https:\/\/www.caveaustar.ch\/fr\/wp-json\/wp\/v2\/product_brand?post=76767"},{"taxonomy":"product_cat","embeddable":true,"href":"https:\/\/www.caveaustar.ch\/fr\/wp-json\/wp\/v2\/product_cat?post=76767"},{"taxonomy":"product_tag","embeddable":true,"href":"https:\/\/www.caveaustar.ch\/fr\/wp-json\/wp\/v2\/product_tag?post=76767"}],"curies":[{"name":"wp","href":"https:\/\/api.w.org\/{rel}","templated":true}]}}