{"id":74001,"date":"2022-08-30T19:57:02","date_gmt":"2022-08-30T17:57:02","guid":{"rendered":"https:\/\/www.caveaustar.ch\/produkt\/eclairage-rapporte\/"},"modified":"2025-02-04T18:11:32","modified_gmt":"2025-02-04T16:11:32","slug":"eclairage-applique","status":"publish","type":"product","link":"https:\/\/www.caveaustar.ch\/fr\/produit\/eclairage-applique\/","title":{"rendered":"\u00e9clairage rapport\u00e9"},"content":{"rendered":"","protected":false},"excerpt":{"rendered":"<p>\u00c9clairage \u00e0 poser sur le haut du casier \u00e0 vin. S&rsquo;adapte en principe \u00e0 chaque \u00e9tag\u00e8re \u00e0 vin. Bande LED blanc chaud, mont\u00e9e dans un profil\u00e9 en aluminium avec diffuseur, pr\u00eate \u00e0 \u00eatre branch\u00e9e. Peut \u00eatre install\u00e9 ult\u00e9rieurement. Prix au m\u00e8tre lin\u00e9aire.<\/p>\n","protected":false},"featured_media":71933,"template":"","meta":{"jetpack_post_was_ever_published":false,"jetpack_publicize_message":"","jetpack_publicize_feature_enabled":true,"jetpack_social_post_already_shared":true,"jetpack_social_options":{"image_generator_settings":{"template":"highway","default_image_id":0,"font":"","enabled":false},"version":2}},"product_brand":[],"product_cat":[533],"product_tag":[1131],"class_list":{"0":"post-74001","1":"product","2":"type-product","3":"status-publish","4":"has-post-thumbnail","6":"product_cat-accessoires","7":"product_tag-eclairage","9":"first","10":"instock","11":"taxable","12":"shipping-taxable","13":"purchasable","14":"product-type-simple"},"jetpack_publicize_connections":[],"jetpack_sharing_enabled":true,"_links":{"self":[{"href":"https:\/\/www.caveaustar.ch\/fr\/wp-json\/wp\/v2\/product\/74001","targetHints":{"allow":["GET"]}}],"collection":[{"href":"https:\/\/www.caveaustar.ch\/fr\/wp-json\/wp\/v2\/product"}],"about":[{"href":"https:\/\/www.caveaustar.ch\/fr\/wp-json\/wp\/v2\/types\/product"}],"wp:featuredmedia":[{"embeddable":true,"href":"https:\/\/www.caveaustar.ch\/fr\/wp-json\/wp\/v2\/media\/71933"}],"wp:attachment":[{"href":"https:\/\/www.caveaustar.ch\/fr\/wp-json\/wp\/v2\/media?parent=74001"}],"wp:term":[{"taxonomy":"product_brand","embeddable":true,"href":"https:\/\/www.caveaustar.ch\/fr\/wp-json\/wp\/v2\/product_brand?post=74001"},{"taxonomy":"product_cat","embeddable":true,"href":"https:\/\/www.caveaustar.ch\/fr\/wp-json\/wp\/v2\/product_cat?post=74001"},{"taxonomy":"product_tag","embeddable":true,"href":"https:\/\/www.caveaustar.ch\/fr\/wp-json\/wp\/v2\/product_tag?post=74001"}],"curies":[{"name":"wp","href":"https:\/\/api.w.org\/{rel}","templated":true}]}}