{"id":73998,"date":"2022-08-30T20:01:29","date_gmt":"2022-08-30T18:01:29","guid":{"rendered":"https:\/\/www.caveaustar.ch\/produkt\/eclairage-integre\/"},"modified":"2025-02-04T18:11:59","modified_gmt":"2025-02-04T16:11:59","slug":"eclairage-integre","status":"publish","type":"product","link":"https:\/\/www.caveaustar.ch\/fr\/produit\/eclairage-integre\/","title":{"rendered":"\u00e9clairage int\u00e9gr\u00e9"},"content":{"rendered":"","protected":false},"excerpt":{"rendered":"<p>\u00c9clairage int\u00e9gr\u00e9 pour les casiers \u00e0 vin avec surface de pr\u00e9sentation pour les bouteilles. Bande LED blanc chaud. Encastr\u00e9 dans un profil\u00e9 en aluminium avec diffuseur. Pos\u00e9 et pr\u00eat \u00e0 \u00eatre branch\u00e9. Prix au m\u00e8tre lin\u00e9aire.<\/p>\n","protected":false},"featured_media":73798,"template":"","meta":{"jetpack_post_was_ever_published":false,"jetpack_publicize_message":"","jetpack_publicize_feature_enabled":true,"jetpack_social_post_already_shared":true,"jetpack_social_options":{"image_generator_settings":{"template":"highway","default_image_id":0,"font":"","enabled":false},"version":2}},"product_brand":[],"product_cat":[533],"product_tag":[1131],"class_list":{"0":"post-73998","1":"product","2":"type-product","3":"status-publish","4":"has-post-thumbnail","6":"product_cat-accessoires","7":"product_tag-eclairage","9":"first","10":"instock","11":"taxable","12":"shipping-taxable","13":"purchasable","14":"product-type-simple"},"jetpack_publicize_connections":[],"jetpack_sharing_enabled":true,"_links":{"self":[{"href":"https:\/\/www.caveaustar.ch\/fr\/wp-json\/wp\/v2\/product\/73998","targetHints":{"allow":["GET"]}}],"collection":[{"href":"https:\/\/www.caveaustar.ch\/fr\/wp-json\/wp\/v2\/product"}],"about":[{"href":"https:\/\/www.caveaustar.ch\/fr\/wp-json\/wp\/v2\/types\/product"}],"wp:featuredmedia":[{"embeddable":true,"href":"https:\/\/www.caveaustar.ch\/fr\/wp-json\/wp\/v2\/media\/73798"}],"wp:attachment":[{"href":"https:\/\/www.caveaustar.ch\/fr\/wp-json\/wp\/v2\/media?parent=73998"}],"wp:term":[{"taxonomy":"product_brand","embeddable":true,"href":"https:\/\/www.caveaustar.ch\/fr\/wp-json\/wp\/v2\/product_brand?post=73998"},{"taxonomy":"product_cat","embeddable":true,"href":"https:\/\/www.caveaustar.ch\/fr\/wp-json\/wp\/v2\/product_cat?post=73998"},{"taxonomy":"product_tag","embeddable":true,"href":"https:\/\/www.caveaustar.ch\/fr\/wp-json\/wp\/v2\/product_tag?post=73998"}],"curies":[{"name":"wp","href":"https:\/\/api.w.org\/{rel}","templated":true}]}}