{"id":73224,"date":"2014-12-29T13:12:40","date_gmt":"2014-12-29T11:12:40","guid":{"rendered":"https:\/\/www.caveaustar.ch\/produkt\/cs-mini-03\/"},"modified":"2025-03-07T17:52:48","modified_gmt":"2025-03-07T15:52:48","slug":"cs-mini-03-2","status":"publish","type":"product","link":"https:\/\/www.caveaustar.ch\/fr\/produit\/cs-mini-03-2\/","title":{"rendered":"CS-Mini-03"},"content":{"rendered":"","protected":false},"excerpt":{"rendered":"<p>Le casier \u00e0 vin CS-Mini-03 peut contenir beaucoup de choses ! Que ce soit du vin, de l&rsquo;eau, de la bi\u00e8re ou autre chose. Met de l&rsquo;ordre dans votre univers de boissons dans un espace r\u00e9duit.<\/p>\n<p>Les casiers \u00e0 vin du m\u00eame type peuvent \u00e9galement \u00eatre empil\u00e9s.<\/p>\n","protected":false},"featured_media":73552,"template":"","meta":{"jetpack_post_was_ever_published":false,"jetpack_publicize_message":"","jetpack_publicize_feature_enabled":true,"jetpack_social_post_already_shared":true,"jetpack_social_options":{"image_generator_settings":{"template":"highway","default_image_id":0,"font":"","enabled":false},"version":2}},"product_brand":[],"product_cat":[527],"product_tag":[488,689],"class_list":{"0":"post-73224","1":"product","2":"type-product","3":"status-publish","4":"has-post-thumbnail","6":"product_cat-mini-fr","7":"product_tag-debutant","8":"product_tag-mini-fr","9":"product_shipping_class-envoi-de-marchandises-encombrantes","11":"first","12":"instock","13":"taxable","14":"shipping-taxable","15":"purchasable","16":"product-type-simple"},"jetpack_publicize_connections":[],"jetpack_sharing_enabled":true,"_links":{"self":[{"href":"https:\/\/www.caveaustar.ch\/fr\/wp-json\/wp\/v2\/product\/73224","targetHints":{"allow":["GET"]}}],"collection":[{"href":"https:\/\/www.caveaustar.ch\/fr\/wp-json\/wp\/v2\/product"}],"about":[{"href":"https:\/\/www.caveaustar.ch\/fr\/wp-json\/wp\/v2\/types\/product"}],"wp:featuredmedia":[{"embeddable":true,"href":"https:\/\/www.caveaustar.ch\/fr\/wp-json\/wp\/v2\/media\/73552"}],"wp:attachment":[{"href":"https:\/\/www.caveaustar.ch\/fr\/wp-json\/wp\/v2\/media?parent=73224"}],"wp:term":[{"taxonomy":"product_brand","embeddable":true,"href":"https:\/\/www.caveaustar.ch\/fr\/wp-json\/wp\/v2\/product_brand?post=73224"},{"taxonomy":"product_cat","embeddable":true,"href":"https:\/\/www.caveaustar.ch\/fr\/wp-json\/wp\/v2\/product_cat?post=73224"},{"taxonomy":"product_tag","embeddable":true,"href":"https:\/\/www.caveaustar.ch\/fr\/wp-json\/wp\/v2\/product_tag?post=73224"}],"curies":[{"name":"wp","href":"https:\/\/api.w.org\/{rel}","templated":true}]}}