{"id":73000,"date":"2022-07-12T17:04:31","date_gmt":"2022-07-12T15:04:31","guid":{"rendered":"https:\/\/www.caveaustar.ch\/produkt\/cs-flex-riesling\/"},"modified":"2025-11-18T10:49:56","modified_gmt":"2025-11-18T08:49:56","slug":"cs-flex-riesling-2","status":"publish","type":"product","link":"https:\/\/www.caveaustar.ch\/fr\/produit\/cs-flex-riesling-2\/","title":{"rendered":"CS-Flex-Riesling"},"content":{"rendered":"","protected":false},"excerpt":{"rendered":"<p>Un Casier \u00e0 vin d\u00e9di\u00e9 au Riesling. Pour que les bouteilles \u00e0 fl\u00e9au soient parfaitement stock\u00e9es, nous avons \u00e9largi notre CS-Flex-02. Avec barres de s\u00e9paration et profondeur suppl\u00e9mentaire.<\/p>\n","protected":false},"featured_media":72998,"template":"","meta":{"jetpack_post_was_ever_published":false,"jetpack_publicize_message":"","jetpack_publicize_feature_enabled":true,"jetpack_social_post_already_shared":true,"jetpack_social_options":{"image_generator_settings":{"template":"highway","default_image_id":0,"font":"","enabled":false},"version":2}},"product_brand":[],"product_cat":[1079],"product_tag":[1107],"class_list":{"0":"post-73000","1":"product","2":"type-product","3":"status-publish","4":"has-post-thumbnail","6":"product_cat-flex-fr","7":"product_tag-riesling-fr","8":"product_shipping_class-grand-modele","9":"pa_anzahl-flaschen-50-100-bouteilles","11":"first","12":"instock","13":"taxable","14":"shipping-taxable","15":"purchasable","16":"product-type-simple"},"jetpack_publicize_connections":[],"jetpack_sharing_enabled":true,"_links":{"self":[{"href":"https:\/\/www.caveaustar.ch\/fr\/wp-json\/wp\/v2\/product\/73000","targetHints":{"allow":["GET"]}}],"collection":[{"href":"https:\/\/www.caveaustar.ch\/fr\/wp-json\/wp\/v2\/product"}],"about":[{"href":"https:\/\/www.caveaustar.ch\/fr\/wp-json\/wp\/v2\/types\/product"}],"wp:featuredmedia":[{"embeddable":true,"href":"https:\/\/www.caveaustar.ch\/fr\/wp-json\/wp\/v2\/media\/72998"}],"wp:attachment":[{"href":"https:\/\/www.caveaustar.ch\/fr\/wp-json\/wp\/v2\/media?parent=73000"}],"wp:term":[{"taxonomy":"product_brand","embeddable":true,"href":"https:\/\/www.caveaustar.ch\/fr\/wp-json\/wp\/v2\/product_brand?post=73000"},{"taxonomy":"product_cat","embeddable":true,"href":"https:\/\/www.caveaustar.ch\/fr\/wp-json\/wp\/v2\/product_cat?post=73000"},{"taxonomy":"product_tag","embeddable":true,"href":"https:\/\/www.caveaustar.ch\/fr\/wp-json\/wp\/v2\/product_tag?post=73000"}],"curies":[{"name":"wp","href":"https:\/\/api.w.org\/{rel}","templated":true}]}}