{"id":72339,"date":"2021-08-23T11:22:33","date_gmt":"2021-08-23T09:22:33","guid":{"rendered":"https:\/\/www.caveaustar.ch\/produkt\/cs-basic-03\/"},"modified":"2026-04-28T15:16:39","modified_gmt":"2026-04-28T13:16:39","slug":"cs-basic-03","status":"publish","type":"product","link":"https:\/\/www.caveaustar.ch\/fr\/produit\/cs-basic-03\/","title":{"rendered":"CS-Classic-01"},"content":{"rendered":"","protected":false},"excerpt":{"rendered":"<p>L&rsquo;\u00e9tag\u00e8re d&rsquo;angle parfaite pour optimiser l&rsquo;espace. Disponible en deux hauteurs diff\u00e9rentes.<\/p>\n","protected":false},"featured_media":66205,"template":"","meta":{"jetpack_post_was_ever_published":false,"jetpack_publicize_message":"","jetpack_publicize_feature_enabled":true,"jetpack_social_post_already_shared":true,"jetpack_social_options":{"image_generator_settings":{"template":"highway","default_image_id":0,"font":"","enabled":false},"version":2}},"product_brand":[1208],"product_cat":[1256,512,547],"product_tag":[614,1262,670],"class_list":{"0":"post-72339","1":"product","2":"type-product","3":"status-publish","4":"has-post-thumbnail","6":"product_brand-caveaustar","7":"product_cat-classic","8":"product_cat-les-classiques","9":"product_cat-menage","10":"product_tag-articles-menagers","11":"product_tag-classic","12":"product_tag-etagere-de-coin","13":"product_shipping_class-grand-modele","14":"pa_anzahl-flaschen-100-150-bouteilles","15":"pa_anzahl-flaschen-50-100-bouteilles","17":"first","18":"instock","19":"taxable","20":"shipping-taxable","21":"purchasable","22":"product-type-variable","23":"has-default-attributes"},"jetpack_publicize_connections":[],"jetpack_sharing_enabled":true,"_links":{"self":[{"href":"https:\/\/www.caveaustar.ch\/fr\/wp-json\/wp\/v2\/product\/72339","targetHints":{"allow":["GET"]}}],"collection":[{"href":"https:\/\/www.caveaustar.ch\/fr\/wp-json\/wp\/v2\/product"}],"about":[{"href":"https:\/\/www.caveaustar.ch\/fr\/wp-json\/wp\/v2\/types\/product"}],"wp:featuredmedia":[{"embeddable":true,"href":"https:\/\/www.caveaustar.ch\/fr\/wp-json\/wp\/v2\/media\/66205"}],"wp:attachment":[{"href":"https:\/\/www.caveaustar.ch\/fr\/wp-json\/wp\/v2\/media?parent=72339"}],"wp:term":[{"taxonomy":"product_brand","embeddable":true,"href":"https:\/\/www.caveaustar.ch\/fr\/wp-json\/wp\/v2\/product_brand?post=72339"},{"taxonomy":"product_cat","embeddable":true,"href":"https:\/\/www.caveaustar.ch\/fr\/wp-json\/wp\/v2\/product_cat?post=72339"},{"taxonomy":"product_tag","embeddable":true,"href":"https:\/\/www.caveaustar.ch\/fr\/wp-json\/wp\/v2\/product_tag?post=72339"}],"curies":[{"name":"wp","href":"https:\/\/api.w.org\/{rel}","templated":true}]}}