{"id":72062,"date":"2015-10-17T09:45:36","date_gmt":"2015-10-17T07:45:36","guid":{"rendered":"https:\/\/www.caveaustar.ch\/produkt\/cs-lager-04b\/"},"modified":"2025-11-18T10:52:45","modified_gmt":"2025-11-18T08:52:45","slug":"cs-lager-04b","status":"publish","type":"product","link":"https:\/\/www.caveaustar.ch\/fr\/produit\/cs-lager-04b\/","title":{"rendered":"CS-Lager-04B"},"content":{"rendered":"","protected":false},"excerpt":{"rendered":"<p>Le rayonnage de stockage classique avec des \u00e9tag\u00e8res r\u00e9glables en hauteur de mani\u00e8re flexible. 3 planches d&rsquo;insertion sont fournies, d&rsquo;autres peuvent \u00eatre command\u00e9es en plus<\/p>\n<p>Profondeur suppl\u00e9mentaire de 50 cm.<\/p>\n","protected":false},"featured_media":66835,"template":"","meta":{"jetpack_post_was_ever_published":false,"jetpack_publicize_message":"","jetpack_publicize_feature_enabled":true,"jetpack_social_post_already_shared":true,"jetpack_social_options":{"image_generator_settings":{"template":"highway","default_image_id":0,"font":"","enabled":false},"version":2}},"product_brand":[],"product_cat":[536,547],"product_tag":[614,698,671],"class_list":{"0":"post-72062","1":"product","2":"type-product","3":"status-publish","4":"has-post-thumbnail","6":"product_cat-casiers-de-stockage","7":"product_cat-menage","8":"product_tag-articles-menagers","9":"product_tag-etagere-de-stockage","10":"product_tag-planche-dinsertion","11":"product_shipping_class-grand-modele","13":"first","14":"instock","15":"taxable","16":"shipping-taxable","17":"purchasable","18":"product-type-simple"},"jetpack_publicize_connections":[],"jetpack_sharing_enabled":true,"_links":{"self":[{"href":"https:\/\/www.caveaustar.ch\/fr\/wp-json\/wp\/v2\/product\/72062","targetHints":{"allow":["GET"]}}],"collection":[{"href":"https:\/\/www.caveaustar.ch\/fr\/wp-json\/wp\/v2\/product"}],"about":[{"href":"https:\/\/www.caveaustar.ch\/fr\/wp-json\/wp\/v2\/types\/product"}],"wp:featuredmedia":[{"embeddable":true,"href":"https:\/\/www.caveaustar.ch\/fr\/wp-json\/wp\/v2\/media\/66835"}],"wp:attachment":[{"href":"https:\/\/www.caveaustar.ch\/fr\/wp-json\/wp\/v2\/media?parent=72062"}],"wp:term":[{"taxonomy":"product_brand","embeddable":true,"href":"https:\/\/www.caveaustar.ch\/fr\/wp-json\/wp\/v2\/product_brand?post=72062"},{"taxonomy":"product_cat","embeddable":true,"href":"https:\/\/www.caveaustar.ch\/fr\/wp-json\/wp\/v2\/product_cat?post=72062"},{"taxonomy":"product_tag","embeddable":true,"href":"https:\/\/www.caveaustar.ch\/fr\/wp-json\/wp\/v2\/product_tag?post=72062"}],"curies":[{"name":"wp","href":"https:\/\/api.w.org\/{rel}","templated":true}]}}