{"id":71370,"date":"2022-05-10T11:33:05","date_gmt":"2022-05-10T09:33:05","guid":{"rendered":"https:\/\/www.caveaustar.ch\/produkt\/cs-flex-01\/"},"modified":"2025-11-18T10:52:38","modified_gmt":"2025-11-18T08:52:38","slug":"cs-flex-01","status":"publish","type":"product","link":"https:\/\/www.caveaustar.ch\/fr\/produit\/cs-flex-01\/","title":{"rendered":"CS-Flex-01"},"content":{"rendered":"","protected":false},"excerpt":{"rendered":"<p><strong>Plus qu&rsquo;un simple bouche-trou !<\/strong><\/p>\n<p>La largeur du mod\u00e8le CS-Flex-01 est flexible et peut \u00eatre d\u00e9termin\u00e9e librement entre 117 et 590 mm selon vos besoins. Et ce, sur 8 cases \u00e0 la fois dans le sens vertical.<\/p>\n<p>Les variations existantes couvrent d\u00e9j\u00e0 les principaux besoins de stockage et sont con\u00e7ues en largeur pour 2, 3, 6 ou 12 bouteilles.<\/p>\n<p>Vous ne trouvez pas la largeur qui vous convient ? Ou ont-elles aussi besoin d&rsquo;une autre profondeur ? Nous nous adaptons volontiers \u00e0 votre lieu et \u00e0 vos souhaits.<\/p>\n<p>Vous pouvez \u00e9galement composer votre propre Casier \u00e0 vin \u00e0 partir de ces \u00e9l\u00e9ments, aussi large et profond que vous le souhaitez et que vous en avez besoin.<\/p>\n","protected":false},"featured_media":72037,"template":"","meta":{"jetpack_post_was_ever_published":false,"jetpack_publicize_message":"","jetpack_publicize_feature_enabled":true,"jetpack_social_post_already_shared":false,"jetpack_social_options":{"image_generator_settings":{"template":"highway","default_image_id":0,"font":"","enabled":false},"version":2}},"product_brand":[],"product_cat":[268,1064],"product_tag":[],"class_list":{"0":"post-71370","1":"product","2":"type-product","3":"status-publish","4":"has-post-thumbnail","6":"product_cat-klassiker","7":"product_cat-flex","8":"product_shipping_class-grossmodell","9":"pa_anzahl-flaschen-keine-angabe","11":"first","12":"instock","13":"taxable","14":"shipping-taxable","15":"purchasable","16":"product-type-variable"},"jetpack_publicize_connections":[],"jetpack_sharing_enabled":true,"_links":{"self":[{"href":"https:\/\/www.caveaustar.ch\/fr\/wp-json\/wp\/v2\/product\/71370","targetHints":{"allow":["GET"]}}],"collection":[{"href":"https:\/\/www.caveaustar.ch\/fr\/wp-json\/wp\/v2\/product"}],"about":[{"href":"https:\/\/www.caveaustar.ch\/fr\/wp-json\/wp\/v2\/types\/product"}],"wp:featuredmedia":[{"embeddable":true,"href":"https:\/\/www.caveaustar.ch\/fr\/wp-json\/wp\/v2\/media\/72037"}],"wp:attachment":[{"href":"https:\/\/www.caveaustar.ch\/fr\/wp-json\/wp\/v2\/media?parent=71370"}],"wp:term":[{"taxonomy":"product_brand","embeddable":true,"href":"https:\/\/www.caveaustar.ch\/fr\/wp-json\/wp\/v2\/product_brand?post=71370"},{"taxonomy":"product_cat","embeddable":true,"href":"https:\/\/www.caveaustar.ch\/fr\/wp-json\/wp\/v2\/product_cat?post=71370"},{"taxonomy":"product_tag","embeddable":true,"href":"https:\/\/www.caveaustar.ch\/fr\/wp-json\/wp\/v2\/product_tag?post=71370"}],"curies":[{"name":"wp","href":"https:\/\/api.w.org\/{rel}","templated":true}]}}