{"id":70214,"date":"2014-12-24T14:11:41","date_gmt":"2014-12-24T12:11:41","guid":{"rendered":"https:\/\/www.caveaustar.ch\/produkt\/cs-vinotheque-02\/"},"modified":"2026-04-28T14:48:08","modified_gmt":"2026-04-28T12:48:08","slug":"cs-vinothek-02","status":"publish","type":"product","link":"https:\/\/www.caveaustar.ch\/fr\/produit\/cs-vinothek-02\/","title":{"rendered":"CS-Vinoth\u00e8que-02"},"content":{"rendered":"","protected":false},"excerpt":{"rendered":"<p>Sp\u00e9cialement con\u00e7u pour les vinoth\u00e8ques, avec pr\u00e9sentation des bouteilles \u00e0 la verticale.<\/p>\n","protected":false},"featured_media":66259,"template":"","meta":{"jetpack_post_was_ever_published":false,"jetpack_publicize_message":"","jetpack_publicize_feature_enabled":true,"jetpack_social_post_already_shared":false,"jetpack_social_options":{"image_generator_settings":{"template":"highway","default_image_id":0,"font":"","enabled":false},"version":2}},"product_brand":[],"product_cat":[518],"product_tag":[708,725],"class_list":{"0":"post-70214","1":"product","2":"type-product","3":"status-publish","4":"has-post-thumbnail","6":"product_cat-vinotheque","7":"product_tag-presentation","8":"product_tag-vinotheque-fr","9":"product_shipping_class-grand-modele","10":"pa_anzahl-flaschen-150-200-bouteilles","12":"first","13":"instock","14":"taxable","15":"shipping-taxable","16":"purchasable","17":"product-type-simple"},"jetpack_publicize_connections":[],"jetpack_sharing_enabled":true,"_links":{"self":[{"href":"https:\/\/www.caveaustar.ch\/fr\/wp-json\/wp\/v2\/product\/70214","targetHints":{"allow":["GET"]}}],"collection":[{"href":"https:\/\/www.caveaustar.ch\/fr\/wp-json\/wp\/v2\/product"}],"about":[{"href":"https:\/\/www.caveaustar.ch\/fr\/wp-json\/wp\/v2\/types\/product"}],"wp:featuredmedia":[{"embeddable":true,"href":"https:\/\/www.caveaustar.ch\/fr\/wp-json\/wp\/v2\/media\/66259"}],"wp:attachment":[{"href":"https:\/\/www.caveaustar.ch\/fr\/wp-json\/wp\/v2\/media?parent=70214"}],"wp:term":[{"taxonomy":"product_brand","embeddable":true,"href":"https:\/\/www.caveaustar.ch\/fr\/wp-json\/wp\/v2\/product_brand?post=70214"},{"taxonomy":"product_cat","embeddable":true,"href":"https:\/\/www.caveaustar.ch\/fr\/wp-json\/wp\/v2\/product_cat?post=70214"},{"taxonomy":"product_tag","embeddable":true,"href":"https:\/\/www.caveaustar.ch\/fr\/wp-json\/wp\/v2\/product_tag?post=70214"}],"curies":[{"name":"wp","href":"https:\/\/api.w.org\/{rel}","templated":true}]}}