{"id":70198,"date":"2014-12-24T14:04:11","date_gmt":"2014-12-24T12:04:11","guid":{"rendered":"https:\/\/www.caveaustar.ch\/produkt\/cs-vinothek-01\/"},"modified":"2025-11-18T10:55:55","modified_gmt":"2025-11-18T08:55:55","slug":"cs-vinothek-01","status":"publish","type":"product","link":"https:\/\/www.caveaustar.ch\/fr\/produit\/cs-vinothek-01\/","title":{"rendered":"CS-Vinothek-01"},"content":{"rendered":"","protected":false},"excerpt":{"rendered":"<p>Sp\u00e9cialement con\u00e7u pour les vinoth\u00e8ques, avec pr\u00e9sentation inclin\u00e9e des bouteilles. 12 compartiments pouvant accueillir chacun 12 bouteilles offrent un espace de rangement important.<\/p>\n","protected":false},"featured_media":66253,"template":"","meta":{"jetpack_post_was_ever_published":false,"jetpack_publicize_message":"","jetpack_publicize_feature_enabled":true,"jetpack_social_post_already_shared":false,"jetpack_social_options":{"image_generator_settings":{"template":"highway","default_image_id":0,"font":"","enabled":false},"version":2}},"product_brand":[],"product_cat":[518],"product_tag":[708,725],"class_list":{"0":"post-70198","1":"product","2":"type-product","3":"status-publish","4":"has-post-thumbnail","6":"product_cat-vinotheque","7":"product_tag-presentation","8":"product_tag-vinotheque-fr","9":"product_shipping_class-grand-modele","10":"pa_anzahl-flaschen-150-200-bouteilles","12":"first","13":"instock","14":"taxable","15":"shipping-taxable","16":"purchasable","17":"product-type-variable","18":"has-default-attributes"},"jetpack_publicize_connections":[],"jetpack_sharing_enabled":true,"_links":{"self":[{"href":"https:\/\/www.caveaustar.ch\/fr\/wp-json\/wp\/v2\/product\/70198","targetHints":{"allow":["GET"]}}],"collection":[{"href":"https:\/\/www.caveaustar.ch\/fr\/wp-json\/wp\/v2\/product"}],"about":[{"href":"https:\/\/www.caveaustar.ch\/fr\/wp-json\/wp\/v2\/types\/product"}],"wp:featuredmedia":[{"embeddable":true,"href":"https:\/\/www.caveaustar.ch\/fr\/wp-json\/wp\/v2\/media\/66253"}],"wp:attachment":[{"href":"https:\/\/www.caveaustar.ch\/fr\/wp-json\/wp\/v2\/media?parent=70198"}],"wp:term":[{"taxonomy":"product_brand","embeddable":true,"href":"https:\/\/www.caveaustar.ch\/fr\/wp-json\/wp\/v2\/product_brand?post=70198"},{"taxonomy":"product_cat","embeddable":true,"href":"https:\/\/www.caveaustar.ch\/fr\/wp-json\/wp\/v2\/product_cat?post=70198"},{"taxonomy":"product_tag","embeddable":true,"href":"https:\/\/www.caveaustar.ch\/fr\/wp-json\/wp\/v2\/product_tag?post=70198"}],"curies":[{"name":"wp","href":"https:\/\/api.w.org\/{rel}","templated":true}]}}