{"id":70195,"date":"2014-12-26T14:16:49","date_gmt":"2014-12-26T12:16:49","guid":{"rendered":"https:\/\/www.caveaustar.ch\/produkt\/cs-basic-12\/"},"modified":"2026-02-25T15:33:51","modified_gmt":"2026-02-25T13:33:51","slug":"cs-basic-12","status":"publish","type":"product","link":"https:\/\/www.caveaustar.ch\/fr\/produit\/cs-basic-12\/","title":{"rendered":"CS-Basic-12"},"content":{"rendered":"","protected":false},"excerpt":{"rendered":"<p>Offre de la place pour de nombreuses quantit\u00e9s et sortes de bouteilles diff\u00e9rentes, mais aussi pour des bouteilles de forme irr\u00e9guli\u00e8re.<\/p>\n","protected":false},"featured_media":66271,"template":"","meta":{"jetpack_post_was_ever_published":false,"jetpack_publicize_message":"","jetpack_publicize_feature_enabled":true,"jetpack_social_post_already_shared":false,"jetpack_social_options":{"image_generator_settings":{"template":"highway","default_image_id":0,"font":"","enabled":false},"version":2}},"product_brand":[],"product_cat":[387],"product_tag":[487,389,656],"class_list":{"0":"post-70195","1":"product","2":"type-product","3":"status-publish","4":"has-post-thumbnail","6":"product_cat-basic-fr","7":"product_tag-basic-fr","8":"product_tag-grandes-quantites-dun-vin","9":"product_tag-petites-quantites","10":"product_shipping_class-grand-modele","11":"pa_anzahl-flaschen-150-200-bouteilles","13":"first","14":"instock","15":"taxable","16":"shipping-taxable","17":"purchasable","18":"product-type-simple"},"jetpack_publicize_connections":[],"jetpack_sharing_enabled":true,"_links":{"self":[{"href":"https:\/\/www.caveaustar.ch\/fr\/wp-json\/wp\/v2\/product\/70195","targetHints":{"allow":["GET"]}}],"collection":[{"href":"https:\/\/www.caveaustar.ch\/fr\/wp-json\/wp\/v2\/product"}],"about":[{"href":"https:\/\/www.caveaustar.ch\/fr\/wp-json\/wp\/v2\/types\/product"}],"wp:featuredmedia":[{"embeddable":true,"href":"https:\/\/www.caveaustar.ch\/fr\/wp-json\/wp\/v2\/media\/66271"}],"wp:attachment":[{"href":"https:\/\/www.caveaustar.ch\/fr\/wp-json\/wp\/v2\/media?parent=70195"}],"wp:term":[{"taxonomy":"product_brand","embeddable":true,"href":"https:\/\/www.caveaustar.ch\/fr\/wp-json\/wp\/v2\/product_brand?post=70195"},{"taxonomy":"product_cat","embeddable":true,"href":"https:\/\/www.caveaustar.ch\/fr\/wp-json\/wp\/v2\/product_cat?post=70195"},{"taxonomy":"product_tag","embeddable":true,"href":"https:\/\/www.caveaustar.ch\/fr\/wp-json\/wp\/v2\/product_tag?post=70195"}],"curies":[{"name":"wp","href":"https:\/\/api.w.org\/{rel}","templated":true}]}}