{"id":70188,"date":"2014-12-26T14:43:28","date_gmt":"2014-12-26T12:43:28","guid":{"rendered":"https:\/\/www.caveaustar.ch\/produkt\/cs-basic-19\/"},"modified":"2025-11-18T10:55:21","modified_gmt":"2025-11-18T08:55:21","slug":"cs-basic-19","status":"publish","type":"product","link":"https:\/\/www.caveaustar.ch\/fr\/produit\/cs-basic-19\/","title":{"rendered":"CS-Basic-19"},"content":{"rendered":"","protected":false},"excerpt":{"rendered":"<p>Casier \u00e0 vin extra profond pour le stockage de caisses en bois. Peut \u00eatre compl\u00e9t\u00e9 par des extensions pour une utilisation confortable.<\/p>\n","protected":false},"featured_media":66313,"template":"","meta":{"jetpack_post_was_ever_published":false,"jetpack_publicize_message":"","jetpack_publicize_feature_enabled":true,"jetpack_social_post_already_shared":false,"jetpack_social_options":{"image_generator_settings":{"template":"highway","default_image_id":0,"font":"","enabled":false},"version":2}},"product_brand":[],"product_cat":[387],"product_tag":[487,613,675,571],"class_list":{"0":"post-70188","1":"product","2":"type-product","3":"status-publish","4":"has-post-thumbnail","6":"product_cat-basic-fr","7":"product_tag-basic-fr","8":"product_tag-caisses","9":"product_tag-extra-profond","10":"product_tag-extrait","11":"product_shipping_class-grand-modele","12":"pa_anzahl-flaschen-pas-dindication","14":"first","15":"instock","16":"taxable","17":"shipping-taxable","18":"purchasable","19":"product-type-simple"},"jetpack_publicize_connections":[],"jetpack_sharing_enabled":true,"_links":{"self":[{"href":"https:\/\/www.caveaustar.ch\/fr\/wp-json\/wp\/v2\/product\/70188","targetHints":{"allow":["GET"]}}],"collection":[{"href":"https:\/\/www.caveaustar.ch\/fr\/wp-json\/wp\/v2\/product"}],"about":[{"href":"https:\/\/www.caveaustar.ch\/fr\/wp-json\/wp\/v2\/types\/product"}],"wp:featuredmedia":[{"embeddable":true,"href":"https:\/\/www.caveaustar.ch\/fr\/wp-json\/wp\/v2\/media\/66313"}],"wp:attachment":[{"href":"https:\/\/www.caveaustar.ch\/fr\/wp-json\/wp\/v2\/media?parent=70188"}],"wp:term":[{"taxonomy":"product_brand","embeddable":true,"href":"https:\/\/www.caveaustar.ch\/fr\/wp-json\/wp\/v2\/product_brand?post=70188"},{"taxonomy":"product_cat","embeddable":true,"href":"https:\/\/www.caveaustar.ch\/fr\/wp-json\/wp\/v2\/product_cat?post=70188"},{"taxonomy":"product_tag","embeddable":true,"href":"https:\/\/www.caveaustar.ch\/fr\/wp-json\/wp\/v2\/product_tag?post=70188"}],"curies":[{"name":"wp","href":"https:\/\/api.w.org\/{rel}","templated":true}]}}