{"id":70184,"date":"2014-12-26T14:32:27","date_gmt":"2014-12-26T12:32:27","guid":{"rendered":"https:\/\/www.caveaustar.ch\/produkt\/cs-basic-16\/"},"modified":"2026-04-28T15:16:05","modified_gmt":"2026-04-28T13:16:05","slug":"cs-basic-16","status":"publish","type":"product","link":"https:\/\/www.caveaustar.ch\/fr\/produit\/cs-basic-16\/","title":{"rendered":"CS-Classic-05"},"content":{"rendered":"","protected":false},"excerpt":{"rendered":"<p>Pour le vin et les spiritueux \u00e0 stocker debout, mais aussi pour les articles m\u00e9nagers.<\/p>\n<p>Les 4 grands compartiments du bas peuvent \u00eatre divis\u00e9s en biais par des \u00e9tag\u00e8res diagonales suppl\u00e9mentaires.<\/p>\n","protected":false},"featured_media":66295,"template":"","meta":{"jetpack_post_was_ever_published":false,"jetpack_publicize_message":"","jetpack_publicize_feature_enabled":true,"jetpack_social_post_already_shared":false,"jetpack_social_options":{"image_generator_settings":{"template":"highway","default_image_id":0,"font":"","enabled":false},"version":2}},"product_brand":[],"product_cat":[1256,547],"product_tag":[1262,389],"class_list":{"0":"post-70184","1":"product","2":"type-product","3":"status-publish","4":"has-post-thumbnail","6":"product_cat-classic","7":"product_cat-menage","8":"product_tag-classic","9":"product_tag-grandes-quantites-dun-vin","10":"product_shipping_class-grand-modele","11":"pa_anzahl-flaschen-pas-dindication","13":"first","14":"instock","15":"taxable","16":"shipping-taxable","17":"purchasable","18":"product-type-simple"},"jetpack_publicize_connections":[],"jetpack_sharing_enabled":true,"_links":{"self":[{"href":"https:\/\/www.caveaustar.ch\/fr\/wp-json\/wp\/v2\/product\/70184","targetHints":{"allow":["GET"]}}],"collection":[{"href":"https:\/\/www.caveaustar.ch\/fr\/wp-json\/wp\/v2\/product"}],"about":[{"href":"https:\/\/www.caveaustar.ch\/fr\/wp-json\/wp\/v2\/types\/product"}],"wp:featuredmedia":[{"embeddable":true,"href":"https:\/\/www.caveaustar.ch\/fr\/wp-json\/wp\/v2\/media\/66295"}],"wp:attachment":[{"href":"https:\/\/www.caveaustar.ch\/fr\/wp-json\/wp\/v2\/media?parent=70184"}],"wp:term":[{"taxonomy":"product_brand","embeddable":true,"href":"https:\/\/www.caveaustar.ch\/fr\/wp-json\/wp\/v2\/product_brand?post=70184"},{"taxonomy":"product_cat","embeddable":true,"href":"https:\/\/www.caveaustar.ch\/fr\/wp-json\/wp\/v2\/product_cat?post=70184"},{"taxonomy":"product_tag","embeddable":true,"href":"https:\/\/www.caveaustar.ch\/fr\/wp-json\/wp\/v2\/product_tag?post=70184"}],"curies":[{"name":"wp","href":"https:\/\/api.w.org\/{rel}","templated":true}]}}