{"id":70159,"date":"2014-12-26T14:35:54","date_gmt":"2014-12-26T12:35:54","guid":{"rendered":"https:\/\/www.caveaustar.ch\/produkt\/cs-basic-17\/"},"modified":"2025-11-18T10:57:44","modified_gmt":"2025-11-18T08:57:44","slug":"cs-basic-17","status":"publish","type":"product","link":"https:\/\/www.caveaustar.ch\/fr\/produit\/cs-basic-17\/","title":{"rendered":"CS-Basic-17"},"content":{"rendered":"","protected":false},"excerpt":{"rendered":"<p>Casier \u00e0 vin simple pour de grandes quantit\u00e9s d&rsquo;un vin ou d&rsquo;autres objets m\u00e9nagers.<\/p>\n","protected":false},"featured_media":66301,"template":"","meta":{"jetpack_post_was_ever_published":false,"jetpack_publicize_message":"","jetpack_publicize_feature_enabled":true,"jetpack_social_post_already_shared":false,"jetpack_social_options":{"image_generator_settings":{"template":"highway","default_image_id":0,"font":"","enabled":false},"version":2}},"product_brand":[],"product_cat":[387,547],"product_tag":[487,389],"class_list":{"0":"post-70159","1":"product","2":"type-product","3":"status-publish","4":"has-post-thumbnail","6":"product_cat-basic-fr","7":"product_cat-menage","8":"product_tag-basic-fr","9":"product_tag-grandes-quantites-dun-vin","10":"product_shipping_class-grand-modele","11":"pa_anzahl-flaschen-150-200-bouteilles","13":"first","14":"instock","15":"taxable","16":"shipping-taxable","17":"purchasable","18":"product-type-simple"},"jetpack_publicize_connections":[],"jetpack_sharing_enabled":true,"_links":{"self":[{"href":"https:\/\/www.caveaustar.ch\/fr\/wp-json\/wp\/v2\/product\/70159","targetHints":{"allow":["GET"]}}],"collection":[{"href":"https:\/\/www.caveaustar.ch\/fr\/wp-json\/wp\/v2\/product"}],"about":[{"href":"https:\/\/www.caveaustar.ch\/fr\/wp-json\/wp\/v2\/types\/product"}],"wp:featuredmedia":[{"embeddable":true,"href":"https:\/\/www.caveaustar.ch\/fr\/wp-json\/wp\/v2\/media\/66301"}],"wp:attachment":[{"href":"https:\/\/www.caveaustar.ch\/fr\/wp-json\/wp\/v2\/media?parent=70159"}],"wp:term":[{"taxonomy":"product_brand","embeddable":true,"href":"https:\/\/www.caveaustar.ch\/fr\/wp-json\/wp\/v2\/product_brand?post=70159"},{"taxonomy":"product_cat","embeddable":true,"href":"https:\/\/www.caveaustar.ch\/fr\/wp-json\/wp\/v2\/product_cat?post=70159"},{"taxonomy":"product_tag","embeddable":true,"href":"https:\/\/www.caveaustar.ch\/fr\/wp-json\/wp\/v2\/product_tag?post=70159"}],"curies":[{"name":"wp","href":"https:\/\/api.w.org\/{rel}","templated":true}]}}