{"id":70136,"date":"2020-07-13T15:33:07","date_gmt":"2020-07-13T13:33:07","guid":{"rendered":"https:\/\/www.caveaustar.ch\/produkt\/plaque-de-recouvrement-chene-massif-aboute\/"},"modified":"2025-11-18T10:55:42","modified_gmt":"2025-11-18T08:55:42","slug":"panneau-de-couverture-chene-massif-aboute","status":"publish","type":"product","link":"https:\/\/www.caveaustar.ch\/fr\/produit\/panneau-de-couverture-chene-massif-aboute\/","title":{"rendered":"Plaque de recouvrement Ch\u00eane massif (about\u00e9)"},"content":{"rendered":"<p>Actuellement, il n&rsquo;est possible de commander en ligne que les mod\u00e8les individuels CS-Basic-19A et CS-Basic-19B. Cependant, des plaques de recouvrement de toutes les tailles peuvent \u00eatre fournies sur demande pour tous les casiers \u00e0 vin mi-hauteurs.<\/p>\n<p>Demandez-nous \u00e9galement des plaques de recouvrement dans d&rsquo;autres qualit\u00e9s. De l&rsquo;aspect vieux bois au ch\u00eane massif. Ou bien vous souhaitez votre type de bois et nous le clarifions pour vous.<\/p>\n","protected":false},"excerpt":{"rendered":"<p>Des plaques de recouvrement agr\u00e9mentent les mod\u00e8les mi-hauteurs avec un plateau en bois comme support sur les casiers \u00e0 vin. Vous obtenez ainsi une console ou une surface de rangement d&rsquo;une qualit\u00e9 similaire \u00e0 celle d&rsquo;une table.<\/p>\n<p>En r\u00e8gle g\u00e9n\u00e9rale, les plaques de recouvrement sont pr\u00e9vues avec une saillie de 20 mm par c\u00f4t\u00e9. Si les casiers \u00e0 vin sont plac\u00e9s directement les uns \u00e0 c\u00f4t\u00e9 des autres, la dimension de la saillie doit \u00eatre adapt\u00e9e. Dans ce cas, nous demandons un commentaire suppl\u00e9mentaire ou une prise de contact directe lors de la commande, afin que nous puissions l&rsquo;ex\u00e9cuter correctement.<\/p>\n","protected":false},"featured_media":71682,"template":"","meta":{"jetpack_post_was_ever_published":false,"jetpack_publicize_message":"","jetpack_publicize_feature_enabled":true,"jetpack_social_post_already_shared":false,"jetpack_social_options":{"image_generator_settings":{"template":"highway","default_image_id":0,"font":"","enabled":false},"version":2}},"product_brand":[],"product_cat":[533],"product_tag":[645,559],"class_list":{"0":"post-70136","1":"product","2":"type-product","3":"status-publish","4":"has-post-thumbnail","6":"product_cat-accessoires","7":"product_tag-chene-massif","8":"product_tag-plaque-de-recouvrement","10":"first","11":"instock","12":"taxable","13":"shipping-taxable","14":"purchasable","15":"product-type-variable"},"jetpack_publicize_connections":[],"jetpack_sharing_enabled":true,"_links":{"self":[{"href":"https:\/\/www.caveaustar.ch\/fr\/wp-json\/wp\/v2\/product\/70136","targetHints":{"allow":["GET"]}}],"collection":[{"href":"https:\/\/www.caveaustar.ch\/fr\/wp-json\/wp\/v2\/product"}],"about":[{"href":"https:\/\/www.caveaustar.ch\/fr\/wp-json\/wp\/v2\/types\/product"}],"wp:featuredmedia":[{"embeddable":true,"href":"https:\/\/www.caveaustar.ch\/fr\/wp-json\/wp\/v2\/media\/71682"}],"wp:attachment":[{"href":"https:\/\/www.caveaustar.ch\/fr\/wp-json\/wp\/v2\/media?parent=70136"}],"wp:term":[{"taxonomy":"product_brand","embeddable":true,"href":"https:\/\/www.caveaustar.ch\/fr\/wp-json\/wp\/v2\/product_brand?post=70136"},{"taxonomy":"product_cat","embeddable":true,"href":"https:\/\/www.caveaustar.ch\/fr\/wp-json\/wp\/v2\/product_cat?post=70136"},{"taxonomy":"product_tag","embeddable":true,"href":"https:\/\/www.caveaustar.ch\/fr\/wp-json\/wp\/v2\/product_tag?post=70136"}],"curies":[{"name":"wp","href":"https:\/\/api.w.org\/{rel}","templated":true}]}}