{"id":70106,"date":"2015-02-16T22:25:38","date_gmt":"2015-02-16T20:25:38","guid":{"rendered":"https:\/\/www.caveaustar.ch\/produkt\/cs-basic-24\/"},"modified":"2026-04-28T15:16:24","modified_gmt":"2026-04-28T13:16:24","slug":"cs-basic-24","status":"publish","type":"product","link":"https:\/\/www.caveaustar.ch\/fr\/produit\/cs-basic-24\/","title":{"rendered":"CS-Classic-04"},"content":{"rendered":"","protected":false},"excerpt":{"rendered":"<p>De grands compartiments pour de grandes quantit\u00e9s, ou des articles m\u00e9nagers. Peut \u00eatre subdivis\u00e9 avec des \u00e9l\u00e9ments de s\u00e9paration diagonaux disponibles en option.<\/p>\n","protected":false},"featured_media":66529,"template":"","meta":{"jetpack_post_was_ever_published":false,"jetpack_publicize_message":"","jetpack_publicize_feature_enabled":true,"jetpack_social_post_already_shared":false,"jetpack_social_options":{"image_generator_settings":{"template":"highway","default_image_id":0,"font":"","enabled":false},"version":2}},"product_brand":[],"product_cat":[1256,547],"product_tag":[614,1262,731,668],"class_list":{"0":"post-70106","1":"product","2":"type-product","3":"status-publish","4":"has-post-thumbnail","6":"product_cat-classic","7":"product_cat-menage","8":"product_tag-articles-menagers","9":"product_tag-classic","10":"product_tag-stocker-debout","11":"product_tag-tablette-diagonale","12":"product_shipping_class-grand-modele","13":"pa_anzahl-flaschen-pas-dindication","15":"first","16":"instock","17":"taxable","18":"shipping-taxable","19":"purchasable","20":"product-type-simple"},"jetpack_publicize_connections":[],"jetpack_sharing_enabled":true,"_links":{"self":[{"href":"https:\/\/www.caveaustar.ch\/fr\/wp-json\/wp\/v2\/product\/70106","targetHints":{"allow":["GET"]}}],"collection":[{"href":"https:\/\/www.caveaustar.ch\/fr\/wp-json\/wp\/v2\/product"}],"about":[{"href":"https:\/\/www.caveaustar.ch\/fr\/wp-json\/wp\/v2\/types\/product"}],"wp:featuredmedia":[{"embeddable":true,"href":"https:\/\/www.caveaustar.ch\/fr\/wp-json\/wp\/v2\/media\/66529"}],"wp:attachment":[{"href":"https:\/\/www.caveaustar.ch\/fr\/wp-json\/wp\/v2\/media?parent=70106"}],"wp:term":[{"taxonomy":"product_brand","embeddable":true,"href":"https:\/\/www.caveaustar.ch\/fr\/wp-json\/wp\/v2\/product_brand?post=70106"},{"taxonomy":"product_cat","embeddable":true,"href":"https:\/\/www.caveaustar.ch\/fr\/wp-json\/wp\/v2\/product_cat?post=70106"},{"taxonomy":"product_tag","embeddable":true,"href":"https:\/\/www.caveaustar.ch\/fr\/wp-json\/wp\/v2\/product_tag?post=70106"}],"curies":[{"name":"wp","href":"https:\/\/api.w.org\/{rel}","templated":true}]}}