{"id":70101,"date":"2015-07-18T13:07:51","date_gmt":"2015-07-18T11:07:51","guid":{"rendered":"https:\/\/www.caveaustar.ch\/produkt\/palier-cs-10\/"},"modified":"2025-11-18T10:51:22","modified_gmt":"2025-11-18T08:51:22","slug":"cs-entrepot-10","status":"publish","type":"product","link":"https:\/\/www.caveaustar.ch\/fr\/produit\/cs-entrepot-10\/","title":{"rendered":"Palier CS-10"},"content":{"rendered":"","protected":false},"excerpt":{"rendered":"<ul>\n<li>Etag\u00e8re de stockage pour 3 sacs de golf et accessoires.<\/li>\n<li>Nouvelle version remani\u00e9e, offrant plus de flexibilit\u00e9 et une plus grande convivialit\u00e9.<\/li>\n<li><strong>Comprend 3 planches<\/strong> et peut \u00eatre compl\u00e9t\u00e9e en option par jusqu&rsquo;\u00e0 7 autres planches (jusqu&rsquo;\u00e0 10 planches au total).<\/li>\n<\/ul>\n","protected":false},"featured_media":67168,"template":"","meta":{"jetpack_post_was_ever_published":false,"jetpack_publicize_message":"","jetpack_publicize_feature_enabled":true,"jetpack_social_post_already_shared":false,"jetpack_social_options":{"image_generator_settings":{"template":"highway","default_image_id":0,"font":"","enabled":false},"version":2}},"product_brand":[],"product_cat":[542,539],"product_tag":[698,684],"class_list":{"0":"post-70101","1":"product","2":"type-product","3":"status-publish","4":"has-post-thumbnail","6":"product_cat-golf-fr","7":"product_cat-golf-ski-fr","8":"product_tag-etagere-de-stockage","9":"product_tag-golf-fr","10":"product_shipping_class-grand-modele","12":"first","13":"instock","14":"taxable","15":"shipping-taxable","16":"purchasable","17":"product-type-simple"},"jetpack_publicize_connections":[],"jetpack_sharing_enabled":true,"_links":{"self":[{"href":"https:\/\/www.caveaustar.ch\/fr\/wp-json\/wp\/v2\/product\/70101","targetHints":{"allow":["GET"]}}],"collection":[{"href":"https:\/\/www.caveaustar.ch\/fr\/wp-json\/wp\/v2\/product"}],"about":[{"href":"https:\/\/www.caveaustar.ch\/fr\/wp-json\/wp\/v2\/types\/product"}],"wp:featuredmedia":[{"embeddable":true,"href":"https:\/\/www.caveaustar.ch\/fr\/wp-json\/wp\/v2\/media\/67168"}],"wp:attachment":[{"href":"https:\/\/www.caveaustar.ch\/fr\/wp-json\/wp\/v2\/media?parent=70101"}],"wp:term":[{"taxonomy":"product_brand","embeddable":true,"href":"https:\/\/www.caveaustar.ch\/fr\/wp-json\/wp\/v2\/product_brand?post=70101"},{"taxonomy":"product_cat","embeddable":true,"href":"https:\/\/www.caveaustar.ch\/fr\/wp-json\/wp\/v2\/product_cat?post=70101"},{"taxonomy":"product_tag","embeddable":true,"href":"https:\/\/www.caveaustar.ch\/fr\/wp-json\/wp\/v2\/product_tag?post=70101"}],"curies":[{"name":"wp","href":"https:\/\/api.w.org\/{rel}","templated":true}]}}