{"id":70093,"date":"2015-03-04T13:04:05","date_gmt":"2015-03-04T11:04:05","guid":{"rendered":"https:\/\/www.caveaustar.ch\/produkt\/tablette-diagonale-cs\/"},"modified":"2025-11-18T10:54:57","modified_gmt":"2025-11-18T08:54:57","slug":"tablette-diagonale-cs","status":"publish","type":"product","link":"https:\/\/www.caveaustar.ch\/fr\/produit\/tablette-diagonale-cs\/","title":{"rendered":"Tablette diagonale CS"},"content":{"rendered":"","protected":false},"excerpt":{"rendered":"<p>Les \u00e9tag\u00e8res diagonales pour les casiers \u00e0 vin CS-Basic-21 et CS-Basic-24 sont fabriqu\u00e9es dans le m\u00eame bois et ont la m\u00eame conception que les casiers \u00e0 vin complets. Ils peuvent \u00eatre facilement ajout\u00e9s ou supprim\u00e9s.<\/p>\n","protected":false},"featured_media":67006,"template":"","meta":{"jetpack_post_was_ever_published":false,"jetpack_publicize_message":"","jetpack_publicize_feature_enabled":true,"jetpack_social_post_already_shared":false,"jetpack_social_options":{"image_generator_settings":{"template":"highway","default_image_id":0,"font":"","enabled":false},"version":2}},"product_brand":[],"product_cat":[533],"product_tag":[660,668],"class_list":{"0":"post-70093","1":"product","2":"type-product","3":"status-publish","4":"has-post-thumbnail","6":"product_cat-accessoires","7":"product_tag-cs-basic-21-fr","8":"product_tag-tablette-diagonale","9":"product_shipping_class-envoi-de-colis","11":"first","12":"instock","13":"taxable","14":"shipping-taxable","15":"purchasable","16":"product-type-simple"},"jetpack_publicize_connections":[],"jetpack_sharing_enabled":true,"_links":{"self":[{"href":"https:\/\/www.caveaustar.ch\/fr\/wp-json\/wp\/v2\/product\/70093","targetHints":{"allow":["GET"]}}],"collection":[{"href":"https:\/\/www.caveaustar.ch\/fr\/wp-json\/wp\/v2\/product"}],"about":[{"href":"https:\/\/www.caveaustar.ch\/fr\/wp-json\/wp\/v2\/types\/product"}],"wp:featuredmedia":[{"embeddable":true,"href":"https:\/\/www.caveaustar.ch\/fr\/wp-json\/wp\/v2\/media\/67006"}],"wp:attachment":[{"href":"https:\/\/www.caveaustar.ch\/fr\/wp-json\/wp\/v2\/media?parent=70093"}],"wp:term":[{"taxonomy":"product_brand","embeddable":true,"href":"https:\/\/www.caveaustar.ch\/fr\/wp-json\/wp\/v2\/product_brand?post=70093"},{"taxonomy":"product_cat","embeddable":true,"href":"https:\/\/www.caveaustar.ch\/fr\/wp-json\/wp\/v2\/product_cat?post=70093"},{"taxonomy":"product_tag","embeddable":true,"href":"https:\/\/www.caveaustar.ch\/fr\/wp-json\/wp\/v2\/product_tag?post=70093"}],"curies":[{"name":"wp","href":"https:\/\/api.w.org\/{rel}","templated":true}]}}