{"id":70085,"date":"2015-08-17T11:28:48","date_gmt":"2015-08-17T09:28:48","guid":{"rendered":"https:\/\/www.caveaustar.ch\/produkt\/cs-vinothek-03\/"},"modified":"2024-04-18T14:08:23","modified_gmt":"2024-04-18T12:08:23","slug":"cs-vinothek-03","status":"publish","type":"product","link":"https:\/\/www.caveaustar.ch\/fr\/produit\/cs-vinothek-03\/","title":{"rendered":"CS-Vinothek-03"},"content":{"rendered":"","protected":false},"excerpt":{"rendered":"<p>Le petit fr\u00e8re du mod\u00e8le CS-Vinothek-01, avec une rang\u00e9e de casiers en moins. Mais toujours beaucoup de place dans un petit espace.<\/p>\n","protected":false},"featured_media":66763,"template":"","meta":{"jetpack_post_was_ever_published":false,"jetpack_publicize_message":"","jetpack_publicize_feature_enabled":true,"jetpack_social_post_already_shared":false,"jetpack_social_options":{"image_generator_settings":{"template":"highway","default_image_id":0,"font":"","enabled":false},"version":2}},"product_brand":[],"product_cat":[518],"product_tag":[708,725],"class_list":{"0":"post-70085","1":"product","2":"type-product","3":"status-publish","4":"has-post-thumbnail","6":"product_cat-vinotheque","7":"product_tag-presentation","8":"product_tag-vinotheque-fr","9":"product_shipping_class-grand-modele","10":"pa_anzahl-flaschen-100-150-bouteilles","12":"first","13":"instock","14":"taxable","15":"shipping-taxable","16":"purchasable","17":"product-type-variable","18":"has-default-attributes"},"jetpack_publicize_connections":[],"jetpack_sharing_enabled":true,"_links":{"self":[{"href":"https:\/\/www.caveaustar.ch\/fr\/wp-json\/wp\/v2\/product\/70085","targetHints":{"allow":["GET"]}}],"collection":[{"href":"https:\/\/www.caveaustar.ch\/fr\/wp-json\/wp\/v2\/product"}],"about":[{"href":"https:\/\/www.caveaustar.ch\/fr\/wp-json\/wp\/v2\/types\/product"}],"wp:featuredmedia":[{"embeddable":true,"href":"https:\/\/www.caveaustar.ch\/fr\/wp-json\/wp\/v2\/media\/66763"}],"wp:attachment":[{"href":"https:\/\/www.caveaustar.ch\/fr\/wp-json\/wp\/v2\/media?parent=70085"}],"wp:term":[{"taxonomy":"product_brand","embeddable":true,"href":"https:\/\/www.caveaustar.ch\/fr\/wp-json\/wp\/v2\/product_brand?post=70085"},{"taxonomy":"product_cat","embeddable":true,"href":"https:\/\/www.caveaustar.ch\/fr\/wp-json\/wp\/v2\/product_cat?post=70085"},{"taxonomy":"product_tag","embeddable":true,"href":"https:\/\/www.caveaustar.ch\/fr\/wp-json\/wp\/v2\/product_tag?post=70085"}],"curies":[{"name":"wp","href":"https:\/\/api.w.org\/{rel}","templated":true}]}}