{"id":70076,"date":"2015-07-18T13:18:16","date_gmt":"2015-07-18T11:18:16","guid":{"rendered":"https:\/\/www.caveaustar.ch\/produkt\/stock-cs-14\/"},"modified":"2025-11-18T10:52:48","modified_gmt":"2025-11-18T08:52:48","slug":"cs-entrepot-14","status":"publish","type":"product","link":"https:\/\/www.caveaustar.ch\/fr\/produit\/cs-entrepot-14\/","title":{"rendered":"Stock CS-14"},"content":{"rendered":"","protected":false},"excerpt":{"rendered":"<ul>\n<li>Etag\u00e8re de stockage pour 2 sacs de golf<\/li>\n<li><strong>EXTRATIEUR de 40 cm.<\/strong><\/li>\n<li>Nouvelle version remani\u00e9e, offrant plus de flexibilit\u00e9 et une plus grande convivialit\u00e9.<\/li>\n<li><strong>Comprend 3 planches<\/strong> et peut \u00eatre compl\u00e9t\u00e9e en option par jusqu&rsquo;\u00e0 9 planches suppl\u00e9mentaires (12 planches possibles au total).<\/li>\n<\/ul>\n","protected":false},"featured_media":67180,"template":"","meta":{"jetpack_post_was_ever_published":false,"jetpack_publicize_message":"","jetpack_publicize_feature_enabled":true,"jetpack_social_post_already_shared":false,"jetpack_social_options":{"image_generator_settings":{"template":"highway","default_image_id":0,"font":"","enabled":false},"version":2}},"product_brand":[],"product_cat":[539,542],"product_tag":[698,675,684],"class_list":{"0":"post-70076","1":"product","2":"type-product","3":"status-publish","4":"has-post-thumbnail","6":"product_cat-golf-ski-fr","7":"product_cat-golf-fr","8":"product_tag-etagere-de-stockage","9":"product_tag-extra-profond","10":"product_tag-golf-fr","11":"product_shipping_class-grand-modele","13":"first","14":"instock","15":"taxable","16":"shipping-taxable","17":"purchasable","18":"product-type-simple"},"jetpack_publicize_connections":[],"jetpack_sharing_enabled":true,"_links":{"self":[{"href":"https:\/\/www.caveaustar.ch\/fr\/wp-json\/wp\/v2\/product\/70076","targetHints":{"allow":["GET"]}}],"collection":[{"href":"https:\/\/www.caveaustar.ch\/fr\/wp-json\/wp\/v2\/product"}],"about":[{"href":"https:\/\/www.caveaustar.ch\/fr\/wp-json\/wp\/v2\/types\/product"}],"wp:featuredmedia":[{"embeddable":true,"href":"https:\/\/www.caveaustar.ch\/fr\/wp-json\/wp\/v2\/media\/67180"}],"wp:attachment":[{"href":"https:\/\/www.caveaustar.ch\/fr\/wp-json\/wp\/v2\/media?parent=70076"}],"wp:term":[{"taxonomy":"product_brand","embeddable":true,"href":"https:\/\/www.caveaustar.ch\/fr\/wp-json\/wp\/v2\/product_brand?post=70076"},{"taxonomy":"product_cat","embeddable":true,"href":"https:\/\/www.caveaustar.ch\/fr\/wp-json\/wp\/v2\/product_cat?post=70076"},{"taxonomy":"product_tag","embeddable":true,"href":"https:\/\/www.caveaustar.ch\/fr\/wp-json\/wp\/v2\/product_tag?post=70076"}],"curies":[{"name":"wp","href":"https:\/\/api.w.org\/{rel}","templated":true}]}}