{"id":70070,"date":"2015-07-18T13:07:17","date_gmt":"2015-07-18T11:07:17","guid":{"rendered":"https:\/\/www.caveaustar.ch\/produkt\/palier-cs-11\/"},"modified":"2025-11-18T10:51:24","modified_gmt":"2025-11-18T08:51:24","slug":"cs-entrepot-11","status":"publish","type":"product","link":"https:\/\/www.caveaustar.ch\/fr\/produit\/cs-entrepot-11\/","title":{"rendered":"Palier CS-11"},"content":{"rendered":"","protected":false},"excerpt":{"rendered":"<ul>\n<li>Etag\u00e8re de stockage combin\u00e9e pour deux sacs de golf et un compartiment pour les skis \/ snowboards.<\/li>\n<li>Nouvelle version remani\u00e9e, offrant plus de flexibilit\u00e9 et une plus grande convivialit\u00e9.<\/li>\n<li><strong>3 \u00e9tag\u00e8res incluses<\/strong> et possibilit\u00e9 d&rsquo;ajouter jusqu&rsquo;\u00e0 6 \u00e9tag\u00e8res suppl\u00e9mentaires en option (9 \u00e9tag\u00e8res possibles au total)<\/li>\n<\/ul>\n","protected":false},"featured_media":67171,"template":"","meta":{"jetpack_post_was_ever_published":false,"jetpack_publicize_message":"","jetpack_publicize_feature_enabled":true,"jetpack_social_post_already_shared":false,"jetpack_social_options":{"image_generator_settings":{"template":"highway","default_image_id":0,"font":"","enabled":false},"version":2}},"product_brand":[],"product_cat":[539],"product_tag":[698,684,718,733],"class_list":{"0":"post-70070","1":"product","2":"type-product","3":"status-publish","4":"has-post-thumbnail","6":"product_cat-golf-ski-fr","7":"product_tag-etagere-de-stockage","8":"product_tag-golf-fr","9":"product_tag-ski-fr","10":"product_tag-snowboard-fr","11":"product_shipping_class-grand-modele","13":"first","14":"instock","15":"taxable","16":"shipping-taxable","17":"purchasable","18":"product-type-simple"},"jetpack_publicize_connections":[],"jetpack_sharing_enabled":true,"_links":{"self":[{"href":"https:\/\/www.caveaustar.ch\/fr\/wp-json\/wp\/v2\/product\/70070","targetHints":{"allow":["GET"]}}],"collection":[{"href":"https:\/\/www.caveaustar.ch\/fr\/wp-json\/wp\/v2\/product"}],"about":[{"href":"https:\/\/www.caveaustar.ch\/fr\/wp-json\/wp\/v2\/types\/product"}],"wp:featuredmedia":[{"embeddable":true,"href":"https:\/\/www.caveaustar.ch\/fr\/wp-json\/wp\/v2\/media\/67171"}],"wp:attachment":[{"href":"https:\/\/www.caveaustar.ch\/fr\/wp-json\/wp\/v2\/media?parent=70070"}],"wp:term":[{"taxonomy":"product_brand","embeddable":true,"href":"https:\/\/www.caveaustar.ch\/fr\/wp-json\/wp\/v2\/product_brand?post=70070"},{"taxonomy":"product_cat","embeddable":true,"href":"https:\/\/www.caveaustar.ch\/fr\/wp-json\/wp\/v2\/product_cat?post=70070"},{"taxonomy":"product_tag","embeddable":true,"href":"https:\/\/www.caveaustar.ch\/fr\/wp-json\/wp\/v2\/product_tag?post=70070"}],"curies":[{"name":"wp","href":"https:\/\/api.w.org\/{rel}","templated":true}]}}