{"id":70052,"date":"2015-07-18T13:20:58","date_gmt":"2015-07-18T11:20:58","guid":{"rendered":"https:\/\/www.caveaustar.ch\/produkt\/palier-cs-15\/"},"modified":"2025-11-18T10:48:56","modified_gmt":"2025-11-18T08:48:56","slug":"cs-entrepot-15","status":"publish","type":"product","link":"https:\/\/www.caveaustar.ch\/fr\/produit\/cs-entrepot-15\/","title":{"rendered":"Palier CS-15"},"content":{"rendered":"","protected":false},"excerpt":{"rendered":"<ul>\n<li>Pour deux sacs de golf, mais \u00e9galement possible pour un snowboard gr\u00e2ce \u00e0 une tablette d&rsquo;insertion flexible.<\/li>\n<li><strong>EXTRATIEUR de 40 cm.<\/strong><\/li>\n<li>Nouvelle version remani\u00e9e, offrant plus de flexibilit\u00e9 et une plus grande convivialit\u00e9.<\/li>\n<li><strong>Comprend 3 planches<\/strong> et peut \u00eatre compl\u00e9t\u00e9e en option par jusqu&rsquo;\u00e0 7 planches suppl\u00e9mentaires (10 planches possibles au total).<\/li>\n<\/ul>\n","protected":false},"featured_media":67183,"template":"","meta":{"jetpack_post_was_ever_published":false,"jetpack_publicize_message":"","jetpack_publicize_feature_enabled":true,"jetpack_social_post_already_shared":false,"jetpack_social_options":{"image_generator_settings":{"template":"highway","default_image_id":0,"font":"","enabled":false},"version":2}},"product_brand":[],"product_cat":[539],"product_tag":[698,684,718,733],"class_list":{"0":"post-70052","1":"product","2":"type-product","3":"status-publish","4":"has-post-thumbnail","6":"product_cat-golf-ski-fr","7":"product_tag-etagere-de-stockage","8":"product_tag-golf-fr","9":"product_tag-ski-fr","10":"product_tag-snowboard-fr","11":"product_shipping_class-grand-modele","13":"first","14":"instock","15":"taxable","16":"shipping-taxable","17":"purchasable","18":"product-type-simple"},"jetpack_publicize_connections":[],"jetpack_sharing_enabled":true,"_links":{"self":[{"href":"https:\/\/www.caveaustar.ch\/fr\/wp-json\/wp\/v2\/product\/70052","targetHints":{"allow":["GET"]}}],"collection":[{"href":"https:\/\/www.caveaustar.ch\/fr\/wp-json\/wp\/v2\/product"}],"about":[{"href":"https:\/\/www.caveaustar.ch\/fr\/wp-json\/wp\/v2\/types\/product"}],"wp:featuredmedia":[{"embeddable":true,"href":"https:\/\/www.caveaustar.ch\/fr\/wp-json\/wp\/v2\/media\/67183"}],"wp:attachment":[{"href":"https:\/\/www.caveaustar.ch\/fr\/wp-json\/wp\/v2\/media?parent=70052"}],"wp:term":[{"taxonomy":"product_brand","embeddable":true,"href":"https:\/\/www.caveaustar.ch\/fr\/wp-json\/wp\/v2\/product_brand?post=70052"},{"taxonomy":"product_cat","embeddable":true,"href":"https:\/\/www.caveaustar.ch\/fr\/wp-json\/wp\/v2\/product_cat?post=70052"},{"taxonomy":"product_tag","embeddable":true,"href":"https:\/\/www.caveaustar.ch\/fr\/wp-json\/wp\/v2\/product_tag?post=70052"}],"curies":[{"name":"wp","href":"https:\/\/api.w.org\/{rel}","templated":true}]}}