{"id":70015,"date":"2018-11-19T14:49:00","date_gmt":"2018-11-19T12:49:00","guid":{"rendered":"https:\/\/www.caveaustar.ch\/produkt\/cs-basic-19a-y-compris-les-coulisses\/"},"modified":"2025-11-18T10:52:05","modified_gmt":"2025-11-18T08:52:05","slug":"cs-basic-19a-inclus-extraits","status":"publish","type":"product","link":"https:\/\/www.caveaustar.ch\/fr\/produit\/cs-basic-19a-inclus-extraits\/","title":{"rendered":"CS-Basic-19A y compris les coulisses"},"content":{"rendered":"<p>Par rapport \u00e0 une commande individuelle de tous les \u00e9l\u00e9ments, l&rsquo;avantage de prix est de 50 CHF.<\/p>\n","protected":false},"excerpt":{"rendered":"<p>Casier \u00e0 vin extra profond mais seulement \u00e0 mi-hauteur pour le stockage de caisses en bois. Est enti\u00e8rement \u00e9quip\u00e9 de tiroirs pour une utilisation confortable<\/p>\n<p><strong>Autre(s) option(s)<\/strong>: plaque de recouvrement en diverses finitions ou <a href=\"https:\/\/www.caveaustar.ch\/fr\/produit\/tiroir-cs\/\"><br \/>\n  <strong>Tiroirs<\/strong><br \/>\n<\/a> au lieu de coulissants.<\/p>\n<p>Le mod\u00e8le CS-Basic-19A peut donc \u00eatre utilis\u00e9 comme console et \u00eatre plac\u00e9 librement dans la pi\u00e8ce, par exemple comme table de d\u00e9gustation.<\/p>\n","protected":false},"featured_media":67594,"template":"","meta":{"jetpack_post_was_ever_published":false,"jetpack_publicize_message":"","jetpack_publicize_feature_enabled":true,"jetpack_social_post_already_shared":false,"jetpack_social_options":{"image_generator_settings":{"template":"highway","default_image_id":0,"font":"","enabled":false},"version":2}},"product_brand":[],"product_cat":[387,512,515],"product_tag":[487,613,693,675,571],"class_list":{"0":"post-70015","1":"product","2":"type-product","3":"status-publish","4":"has-post-thumbnail","6":"product_cat-basic-fr","7":"product_cat-les-classiques","8":"product_cat-combinaisons","9":"product_tag-basic-fr","10":"product_tag-caisses","11":"product_tag-combinaison","12":"product_tag-extra-profond","13":"product_tag-extrait","14":"product_shipping_class-combinaison","15":"pa_anzahl-flaschen-pas-dindication","17":"first","18":"instock","19":"taxable","20":"shipping-taxable","21":"purchasable","22":"product-type-woosb"},"jetpack_publicize_connections":[],"jetpack_sharing_enabled":true,"_links":{"self":[{"href":"https:\/\/www.caveaustar.ch\/fr\/wp-json\/wp\/v2\/product\/70015","targetHints":{"allow":["GET"]}}],"collection":[{"href":"https:\/\/www.caveaustar.ch\/fr\/wp-json\/wp\/v2\/product"}],"about":[{"href":"https:\/\/www.caveaustar.ch\/fr\/wp-json\/wp\/v2\/types\/product"}],"wp:featuredmedia":[{"embeddable":true,"href":"https:\/\/www.caveaustar.ch\/fr\/wp-json\/wp\/v2\/media\/67594"}],"wp:attachment":[{"href":"https:\/\/www.caveaustar.ch\/fr\/wp-json\/wp\/v2\/media?parent=70015"}],"wp:term":[{"taxonomy":"product_brand","embeddable":true,"href":"https:\/\/www.caveaustar.ch\/fr\/wp-json\/wp\/v2\/product_brand?post=70015"},{"taxonomy":"product_cat","embeddable":true,"href":"https:\/\/www.caveaustar.ch\/fr\/wp-json\/wp\/v2\/product_cat?post=70015"},{"taxonomy":"product_tag","embeddable":true,"href":"https:\/\/www.caveaustar.ch\/fr\/wp-json\/wp\/v2\/product_tag?post=70015"}],"curies":[{"name":"wp","href":"https:\/\/api.w.org\/{rel}","templated":true}]}}