{"id":69986,"date":"2020-02-28T16:04:55","date_gmt":"2020-02-28T14:04:55","guid":{"rendered":"https:\/\/www.caveaustar.ch\/produkt\/le-petit-coin-du-vin\/"},"modified":"2025-11-18T10:55:12","modified_gmt":"2025-11-18T08:55:12","slug":"le-petit-coin-des-vins","status":"publish","type":"product","link":"https:\/\/www.caveaustar.ch\/fr\/produit\/le-petit-coin-des-vins\/","title":{"rendered":"Le petit coin du vin"},"content":{"rendered":"","protected":false},"excerpt":{"rendered":"<p>Transformez un coin de votre cave en un coin de plaisir tout en conservant vos vins de mani\u00e8re optimale. Parfait pour les personnes qui ach\u00e8tent 6 \u00e0 12 bouteilles par vari\u00e9t\u00e9. Utilisation compl\u00e8te de l&rsquo;angle, mais bonne accessibilit\u00e9.<\/p>\n<p>En option, nous recommandons une <a href=\"https:\/\/www.caveaustar.ch\/fr\/produit\/plaque-de-recouvrement-decor-chene\/\">plaque de recouvrement d\u00e9cor ch\u00eane pour le mod\u00e8le CS-Basic-19B<\/a><\/p>\n<p>Le remplissage des casiers \u00e0 vin ainsi que les divers accessoires visibles ne sont pas inclus dans la livraison.<\/p>\n","protected":false},"featured_media":71643,"template":"","meta":{"jetpack_post_was_ever_published":false,"jetpack_publicize_message":"","jetpack_publicize_feature_enabled":true,"jetpack_social_post_already_shared":false,"jetpack_social_options":{"image_generator_settings":{"template":"highway","default_image_id":0,"font":"","enabled":false},"version":2}},"product_brand":[],"product_cat":[515],"product_tag":[],"class_list":{"0":"post-69986","1":"product","2":"type-product","3":"status-publish","4":"has-post-thumbnail","6":"product_cat-combinaisons","7":"product_shipping_class-combinaison","8":"pa_anzahl-flaschen-350-400-bouteilles","10":"first","11":"instock","12":"taxable","13":"shipping-taxable","14":"purchasable","15":"product-type-woosb"},"jetpack_publicize_connections":[],"jetpack_sharing_enabled":true,"_links":{"self":[{"href":"https:\/\/www.caveaustar.ch\/fr\/wp-json\/wp\/v2\/product\/69986","targetHints":{"allow":["GET"]}}],"collection":[{"href":"https:\/\/www.caveaustar.ch\/fr\/wp-json\/wp\/v2\/product"}],"about":[{"href":"https:\/\/www.caveaustar.ch\/fr\/wp-json\/wp\/v2\/types\/product"}],"wp:featuredmedia":[{"embeddable":true,"href":"https:\/\/www.caveaustar.ch\/fr\/wp-json\/wp\/v2\/media\/71643"}],"wp:attachment":[{"href":"https:\/\/www.caveaustar.ch\/fr\/wp-json\/wp\/v2\/media?parent=69986"}],"wp:term":[{"taxonomy":"product_brand","embeddable":true,"href":"https:\/\/www.caveaustar.ch\/fr\/wp-json\/wp\/v2\/product_brand?post=69986"},{"taxonomy":"product_cat","embeddable":true,"href":"https:\/\/www.caveaustar.ch\/fr\/wp-json\/wp\/v2\/product_cat?post=69986"},{"taxonomy":"product_tag","embeddable":true,"href":"https:\/\/www.caveaustar.ch\/fr\/wp-json\/wp\/v2\/product_tag?post=69986"}],"curies":[{"name":"wp","href":"https:\/\/api.w.org\/{rel}","templated":true}]}}