{"id":68643,"date":"2019-11-15T08:00:31","date_gmt":"2019-11-15T06:00:31","guid":{"rendered":"https:\/\/www.caveaustar.ch\/produkt\/composition-cs\/"},"modified":"2025-11-18T10:53:42","modified_gmt":"2025-11-18T08:53:42","slug":"composition-cs","status":"publish","type":"product","link":"https:\/\/www.caveaustar.ch\/fr\/produit\/composition-cs\/","title":{"rendered":"Composition CS"},"content":{"rendered":"","protected":false},"excerpt":{"rendered":"<p>Le support de pr\u00e9sentation mobile sert \u00e0 pr\u00e9senter les bouteilles de vin de mani\u00e8re inclin\u00e9e.<\/p>\n<p>Selon le type de bouteille, il peut accueillir de 4 \u00e0 6 bouteilles.<\/p>\n<p>Des solutions sur mesure et diff\u00e9rentes tailles sont disponibles sur demande.<\/p>\n<p>&nbsp;<\/p>\n","protected":false},"featured_media":68644,"template":"","meta":{"jetpack_post_was_ever_published":false,"jetpack_publicize_message":"","jetpack_publicize_feature_enabled":true,"jetpack_social_post_already_shared":false,"jetpack_social_options":{"image_generator_settings":{"template":"highway","default_image_id":0,"font":"","enabled":false},"version":2}},"product_brand":[],"product_cat":[533],"product_tag":[708],"class_list":{"0":"post-68643","1":"product","2":"type-product","3":"status-publish","4":"has-post-thumbnail","6":"product_cat-accessoires","7":"product_tag-presentation","8":"product_shipping_class-envoi-de-colis","10":"first","11":"instock","12":"taxable","13":"shipping-taxable","14":"purchasable","15":"product-type-simple"},"jetpack_publicize_connections":[],"jetpack_sharing_enabled":true,"_links":{"self":[{"href":"https:\/\/www.caveaustar.ch\/fr\/wp-json\/wp\/v2\/product\/68643","targetHints":{"allow":["GET"]}}],"collection":[{"href":"https:\/\/www.caveaustar.ch\/fr\/wp-json\/wp\/v2\/product"}],"about":[{"href":"https:\/\/www.caveaustar.ch\/fr\/wp-json\/wp\/v2\/types\/product"}],"wp:featuredmedia":[{"embeddable":true,"href":"https:\/\/www.caveaustar.ch\/fr\/wp-json\/wp\/v2\/media\/68644"}],"wp:attachment":[{"href":"https:\/\/www.caveaustar.ch\/fr\/wp-json\/wp\/v2\/media?parent=68643"}],"wp:term":[{"taxonomy":"product_brand","embeddable":true,"href":"https:\/\/www.caveaustar.ch\/fr\/wp-json\/wp\/v2\/product_brand?post=68643"},{"taxonomy":"product_cat","embeddable":true,"href":"https:\/\/www.caveaustar.ch\/fr\/wp-json\/wp\/v2\/product_cat?post=68643"},{"taxonomy":"product_tag","embeddable":true,"href":"https:\/\/www.caveaustar.ch\/fr\/wp-json\/wp\/v2\/product_tag?post=68643"}],"curies":[{"name":"wp","href":"https:\/\/api.w.org\/{rel}","templated":true}]}}