{"id":68637,"date":"2020-02-28T11:57:31","date_gmt":"2020-02-28T09:57:31","guid":{"rendered":"https:\/\/www.caveaustar.ch\/produkt\/conseil-et-planification\/"},"modified":"2025-11-18T10:55:10","modified_gmt":"2025-11-18T08:55:10","slug":"conseil-planification","status":"publish","type":"product","link":"https:\/\/www.caveaustar.ch\/fr\/produit\/conseil-planification\/","title":{"rendered":"Conseil et planification"},"content":{"rendered":"<p>Nous sommes bien entendu \u00e0 votre disposition pour une premi\u00e8re consultation gratuite par t\u00e9l\u00e9phone ou par e-mail.<\/p>\n<p>Lors de l&rsquo;am\u00e9nagement de toute une cave \u00e0 vin, des conseils et une planification professionnels sont un \u00e9l\u00e9ment important. Outre le bon choix des casiers \u00e0 vin, cela implique \u00e9galement l&rsquo;\u00e9valuation de services compl\u00e9mentaires tels que la climatisation. Et pour qu&rsquo;une id\u00e9e devienne tangible, nous visualisons volontiers notre id\u00e9e commune pour vous.<\/p>\n<p>Un grand projet commence souvent par une bonne id\u00e9e. Nos conseils et notre planification peuvent \u00e9galement \u00eatre r\u00e9serv\u00e9s en tant que service pr\u00e9alable, ce qui nous permet de prendre en compte vos besoins et vos id\u00e9es et de les mettre sur papier.<\/p>\n<p>Que ce soit au d\u00e9part du bureau ou sur place, les deux services incluent une visualisation en 3D, y compris un tour d&rsquo;ajustement.<\/p>\n","protected":false},"excerpt":{"rendered":"<p>Nous sommes bien entendu \u00e0 votre disposition pour une premi\u00e8re consultation gratuite par t\u00e9l\u00e9phone ou par e-mail. Lors de l&rsquo;am\u00e9nagement de toute une cave \u00e0 vin, des conseils et une planification professionnels sont un \u00e9l\u00e9ment important. Outre le bon choix des casiers \u00e0 vin, cela implique \u00e9galement l&rsquo;\u00e9valuation de services compl\u00e9mentaires tels que la climatisation. [&#8230;]\n","protected":false},"featured_media":66424,"template":"","meta":{"jetpack_post_was_ever_published":false,"jetpack_publicize_message":"","jetpack_publicize_feature_enabled":true,"jetpack_social_post_already_shared":false,"jetpack_social_options":{"image_generator_settings":{"template":"highway","default_image_id":0,"font":"","enabled":false},"version":2}},"product_brand":[],"product_cat":[503],"product_tag":[574,705],"class_list":{"0":"post-68637","1":"product","2":"type-product","3":"status-publish","4":"has-post-thumbnail","6":"product_cat-services","7":"product_tag-consultation-fr","8":"product_tag-planification","9":"product_shipping_class-conseil","11":"first","12":"instock","13":"taxable","14":"shipping-taxable","15":"purchasable","16":"product-type-variable","17":"has-default-attributes"},"jetpack_publicize_connections":[],"jetpack_sharing_enabled":true,"_links":{"self":[{"href":"https:\/\/www.caveaustar.ch\/fr\/wp-json\/wp\/v2\/product\/68637","targetHints":{"allow":["GET"]}}],"collection":[{"href":"https:\/\/www.caveaustar.ch\/fr\/wp-json\/wp\/v2\/product"}],"about":[{"href":"https:\/\/www.caveaustar.ch\/fr\/wp-json\/wp\/v2\/types\/product"}],"wp:featuredmedia":[{"embeddable":true,"href":"https:\/\/www.caveaustar.ch\/fr\/wp-json\/wp\/v2\/media\/66424"}],"wp:attachment":[{"href":"https:\/\/www.caveaustar.ch\/fr\/wp-json\/wp\/v2\/media?parent=68637"}],"wp:term":[{"taxonomy":"product_brand","embeddable":true,"href":"https:\/\/www.caveaustar.ch\/fr\/wp-json\/wp\/v2\/product_brand?post=68637"},{"taxonomy":"product_cat","embeddable":true,"href":"https:\/\/www.caveaustar.ch\/fr\/wp-json\/wp\/v2\/product_cat?post=68637"},{"taxonomy":"product_tag","embeddable":true,"href":"https:\/\/www.caveaustar.ch\/fr\/wp-json\/wp\/v2\/product_tag?post=68637"}],"curies":[{"name":"wp","href":"https:\/\/api.w.org\/{rel}","templated":true}]}}