{"id":68611,"date":"2020-07-14T07:00:08","date_gmt":"2020-07-14T05:00:08","guid":{"rendered":"https:\/\/www.caveaustar.ch\/produkt\/table-de-degustation-grande\/"},"modified":"2025-11-18T10:54:15","modified_gmt":"2025-11-18T08:54:15","slug":"table-de-degustation-grande","status":"publish","type":"product","link":"https:\/\/www.caveaustar.ch\/fr\/produit\/table-de-degustation-grande\/","title":{"rendered":"Table de d\u00e9gustation grande"},"content":{"rendered":"","protected":false},"excerpt":{"rendered":"<p>La grande table de d\u00e9gustation brille par son \u00e9quipement complet avec des tiroirs coulissants pour un stockage confortable des caisses et des tiroirs pour les accessoires ou le stockage des bouteilles. Con\u00e7ue comme table haute pour l&rsquo;ap\u00e9ritif ou comme surface de rangement \u00e0 bonne hauteur lorsque l&rsquo;on arrive \u00e0 la cave les mains pleines.<\/p>\n<p>Sous le plateau de couverture en d\u00e9cor ch\u00eane, il y a 16 compartiments qui permettent d&rsquo;accueillir soit une caisse en bois de 12, soit deux caisses en bois de 6 sur une rallonge, ou qui laissent de la place dans un tiroir pour des accessoires ou 12 \u00e0 18 bouteilles.<\/p>\n<p>\u00c9galement disponible avec des panneaux de recouvrement de diff\u00e9rentes qualit\u00e9s : du d\u00e9cor ch\u00eane au ch\u00eane massif en passant par l&rsquo;aspect vieux bois. Ou votre essence de bois au choix.<\/p>\n","protected":false},"featured_media":68612,"template":"","meta":{"jetpack_post_was_ever_published":false,"jetpack_publicize_message":"","jetpack_publicize_feature_enabled":true,"jetpack_social_post_already_shared":false,"jetpack_social_options":{"image_generator_settings":{"template":"highway","default_image_id":0,"font":"","enabled":false},"version":2}},"product_brand":[],"product_cat":[515],"product_tag":[682,571,559,662,711],"class_list":{"0":"post-68611","1":"product","2":"type-product","3":"status-publish","4":"has-post-thumbnail","6":"product_cat-combinaisons","7":"product_tag-caisses-en-bois","8":"product_tag-extrait","9":"product_tag-plaque-de-recouvrement","10":"product_tag-table-de-degustation","11":"product_tag-tiroir","12":"product_shipping_class-combinaison","13":"pa_anzahl-flaschen-150-200-bouteilles","15":"first","16":"instock","17":"taxable","18":"shipping-taxable","19":"purchasable","20":"product-type-woosb"},"jetpack_publicize_connections":[],"jetpack_sharing_enabled":true,"_links":{"self":[{"href":"https:\/\/www.caveaustar.ch\/fr\/wp-json\/wp\/v2\/product\/68611","targetHints":{"allow":["GET"]}}],"collection":[{"href":"https:\/\/www.caveaustar.ch\/fr\/wp-json\/wp\/v2\/product"}],"about":[{"href":"https:\/\/www.caveaustar.ch\/fr\/wp-json\/wp\/v2\/types\/product"}],"wp:featuredmedia":[{"embeddable":true,"href":"https:\/\/www.caveaustar.ch\/fr\/wp-json\/wp\/v2\/media\/68612"}],"wp:attachment":[{"href":"https:\/\/www.caveaustar.ch\/fr\/wp-json\/wp\/v2\/media?parent=68611"}],"wp:term":[{"taxonomy":"product_brand","embeddable":true,"href":"https:\/\/www.caveaustar.ch\/fr\/wp-json\/wp\/v2\/product_brand?post=68611"},{"taxonomy":"product_cat","embeddable":true,"href":"https:\/\/www.caveaustar.ch\/fr\/wp-json\/wp\/v2\/product_cat?post=68611"},{"taxonomy":"product_tag","embeddable":true,"href":"https:\/\/www.caveaustar.ch\/fr\/wp-json\/wp\/v2\/product_tag?post=68611"}],"curies":[{"name":"wp","href":"https:\/\/api.w.org\/{rel}","templated":true}]}}