{"id":68562,"date":"2019-02-19T10:52:32","date_gmt":"2019-02-19T08:52:32","guid":{"rendered":"https:\/\/www.caveaustar.ch\/produkt\/cs-lager-22\/"},"modified":"2025-11-18T10:55:43","modified_gmt":"2025-11-18T08:55:43","slug":"cs-lager-22-2","status":"publish","type":"product","link":"https:\/\/www.caveaustar.ch\/fr\/produit\/cs-lager-22-2\/","title":{"rendered":"CS-Lager-22"},"content":{"rendered":"","protected":false},"excerpt":{"rendered":"<p>Petite \u00e9tag\u00e8re de bureau offrant un grand espace de rangement sur une petite surface.<\/p>\n<p>De plus, les formats A4 s&rsquo;adaptent parfaitement aux compartiments pour le classement de documents, d&rsquo;imprim\u00e9s, de bacs \u00e0 courrier ou de papier \u00e0 photocopie, etc&#8230;<\/p>\n","protected":false},"featured_media":67615,"template":"","meta":{"jetpack_post_was_ever_published":false,"jetpack_publicize_message":"","jetpack_publicize_feature_enabled":true,"jetpack_social_post_already_shared":false,"jetpack_social_options":{"image_generator_settings":{"template":"highway","default_image_id":0,"font":"","enabled":false},"version":2}},"product_brand":[],"product_cat":[536,506],"product_tag":[577,702],"class_list":{"0":"post-68562","1":"product","2":"type-product","3":"status-publish","4":"has-post-thumbnail","6":"product_cat-casiers-de-stockage","7":"product_cat-bureau","8":"product_tag-bureau","9":"product_tag-dossier","10":"product_shipping_class-grand-modele","12":"first","13":"instock","14":"taxable","15":"shipping-taxable","16":"purchasable","17":"product-type-variable","18":"has-default-attributes"},"jetpack_publicize_connections":[],"jetpack_sharing_enabled":true,"_links":{"self":[{"href":"https:\/\/www.caveaustar.ch\/fr\/wp-json\/wp\/v2\/product\/68562","targetHints":{"allow":["GET"]}}],"collection":[{"href":"https:\/\/www.caveaustar.ch\/fr\/wp-json\/wp\/v2\/product"}],"about":[{"href":"https:\/\/www.caveaustar.ch\/fr\/wp-json\/wp\/v2\/types\/product"}],"wp:featuredmedia":[{"embeddable":true,"href":"https:\/\/www.caveaustar.ch\/fr\/wp-json\/wp\/v2\/media\/67615"}],"wp:attachment":[{"href":"https:\/\/www.caveaustar.ch\/fr\/wp-json\/wp\/v2\/media?parent=68562"}],"wp:term":[{"taxonomy":"product_brand","embeddable":true,"href":"https:\/\/www.caveaustar.ch\/fr\/wp-json\/wp\/v2\/product_brand?post=68562"},{"taxonomy":"product_cat","embeddable":true,"href":"https:\/\/www.caveaustar.ch\/fr\/wp-json\/wp\/v2\/product_cat?post=68562"},{"taxonomy":"product_tag","embeddable":true,"href":"https:\/\/www.caveaustar.ch\/fr\/wp-json\/wp\/v2\/product_tag?post=68562"}],"curies":[{"name":"wp","href":"https:\/\/api.w.org\/{rel}","templated":true}]}}