{"id":68557,"date":"2016-05-03T20:12:17","date_gmt":"2016-05-03T18:12:17","guid":{"rendered":"https:\/\/www.caveaustar.ch\/produkt\/cs-einlegebrett-50\/"},"modified":"2025-11-18T10:54:45","modified_gmt":"2025-11-18T08:54:45","slug":"cs-einlegebrett-50","status":"publish","type":"product","link":"https:\/\/www.caveaustar.ch\/fr\/produit\/cs-einlegebrett-50\/","title":{"rendered":"CS-Einlegebrett-50"},"content":{"rendered":"","protected":false},"excerpt":{"rendered":"<p>Des \u00e9tag\u00e8res suppl\u00e9mentaires peuvent \u00eatre command\u00e9es en plus des \u00e9tag\u00e8res de stockage.<\/p>\n<p>L&rsquo;\u00e9tag\u00e8re GROSS est destin\u00e9e aux mod\u00e8les qui ont une profondeur de 50 cm.<\/p>\n","protected":false},"featured_media":67018,"template":"","meta":{"jetpack_post_was_ever_published":false,"jetpack_publicize_message":"","jetpack_publicize_feature_enabled":true,"jetpack_social_post_already_shared":false,"jetpack_social_options":{"image_generator_settings":{"template":"highway","default_image_id":0,"font":"","enabled":false},"version":2}},"product_brand":[],"product_cat":[533,536,549],"product_tag":[698,671],"class_list":{"0":"post-68557","1":"product","2":"type-product","3":"status-publish","4":"has-post-thumbnail","6":"product_cat-accessoires","7":"product_cat-casiers-de-stockage","8":"product_cat-accessoires-fr","9":"product_tag-etagere-de-stockage","10":"product_tag-planche-dinsertion","11":"product_shipping_class-envoi-de-colis","13":"first","14":"instock","15":"taxable","16":"shipping-taxable","17":"purchasable","18":"product-type-simple"},"jetpack_publicize_connections":[],"jetpack_sharing_enabled":true,"_links":{"self":[{"href":"https:\/\/www.caveaustar.ch\/fr\/wp-json\/wp\/v2\/product\/68557","targetHints":{"allow":["GET"]}}],"collection":[{"href":"https:\/\/www.caveaustar.ch\/fr\/wp-json\/wp\/v2\/product"}],"about":[{"href":"https:\/\/www.caveaustar.ch\/fr\/wp-json\/wp\/v2\/types\/product"}],"wp:featuredmedia":[{"embeddable":true,"href":"https:\/\/www.caveaustar.ch\/fr\/wp-json\/wp\/v2\/media\/67018"}],"wp:attachment":[{"href":"https:\/\/www.caveaustar.ch\/fr\/wp-json\/wp\/v2\/media?parent=68557"}],"wp:term":[{"taxonomy":"product_brand","embeddable":true,"href":"https:\/\/www.caveaustar.ch\/fr\/wp-json\/wp\/v2\/product_brand?post=68557"},{"taxonomy":"product_cat","embeddable":true,"href":"https:\/\/www.caveaustar.ch\/fr\/wp-json\/wp\/v2\/product_cat?post=68557"},{"taxonomy":"product_tag","embeddable":true,"href":"https:\/\/www.caveaustar.ch\/fr\/wp-json\/wp\/v2\/product_tag?post=68557"}],"curies":[{"name":"wp","href":"https:\/\/api.w.org\/{rel}","templated":true}]}}