{"id":68554,"date":"2020-03-11T12:14:30","date_gmt":"2020-03-11T10:14:30","guid":{"rendered":"https:\/\/www.caveaustar.ch\/produkt\/cs-lager-24\/"},"modified":"2025-11-18T10:52:03","modified_gmt":"2025-11-18T08:52:03","slug":"cs-lager-24-2","status":"publish","type":"product","link":"https:\/\/www.caveaustar.ch\/fr\/produit\/cs-lager-24-2\/","title":{"rendered":"CS-Lager-24"},"content":{"rendered":"","protected":false},"excerpt":{"rendered":"<p>Le mod\u00e8le CS-Lager-24 dispose de deux portes qui s&rsquo;ouvrent individuellement et qui ferment la partie sup\u00e9rieure du rayonnage de stockage.<\/p>\n<p>Les entretoises suppl\u00e9mentaires offrent une possibilit\u00e9 d&rsquo;appui aux planches d&rsquo;insertion, ce qui permet de subdiviser les casiers de mani\u00e8re flexible en fonction des besoins.<\/p>\n<p>4 planches d&rsquo;insertion incluses. Jusqu&rsquo;\u00e0 8 pi\u00e8ces possibles au total.<\/p>\n","protected":false},"featured_media":67783,"template":"","meta":{"jetpack_post_was_ever_published":false,"jetpack_publicize_message":"","jetpack_publicize_feature_enabled":true,"jetpack_social_post_already_shared":false,"jetpack_social_options":{"image_generator_settings":{"template":"highway","default_image_id":0,"font":"","enabled":false},"version":2}},"product_brand":[],"product_cat":[536,547],"product_tag":[614,714,698,722],"class_list":{"0":"post-68554","1":"product","2":"type-product","3":"status-publish","4":"has-post-thumbnail","6":"product_cat-casiers-de-stockage","7":"product_cat-menage","8":"product_tag-articles-menagers","9":"product_tag-brise-vue","10":"product_tag-etagere-de-stockage","11":"product_tag-porte","12":"product_shipping_class-grand-modele","14":"first","15":"instock","16":"taxable","17":"shipping-taxable","18":"purchasable","19":"product-type-simple"},"jetpack_publicize_connections":[],"jetpack_sharing_enabled":true,"_links":{"self":[{"href":"https:\/\/www.caveaustar.ch\/fr\/wp-json\/wp\/v2\/product\/68554","targetHints":{"allow":["GET"]}}],"collection":[{"href":"https:\/\/www.caveaustar.ch\/fr\/wp-json\/wp\/v2\/product"}],"about":[{"href":"https:\/\/www.caveaustar.ch\/fr\/wp-json\/wp\/v2\/types\/product"}],"wp:featuredmedia":[{"embeddable":true,"href":"https:\/\/www.caveaustar.ch\/fr\/wp-json\/wp\/v2\/media\/67783"}],"wp:attachment":[{"href":"https:\/\/www.caveaustar.ch\/fr\/wp-json\/wp\/v2\/media?parent=68554"}],"wp:term":[{"taxonomy":"product_brand","embeddable":true,"href":"https:\/\/www.caveaustar.ch\/fr\/wp-json\/wp\/v2\/product_brand?post=68554"},{"taxonomy":"product_cat","embeddable":true,"href":"https:\/\/www.caveaustar.ch\/fr\/wp-json\/wp\/v2\/product_cat?post=68554"},{"taxonomy":"product_tag","embeddable":true,"href":"https:\/\/www.caveaustar.ch\/fr\/wp-json\/wp\/v2\/product_tag?post=68554"}],"curies":[{"name":"wp","href":"https:\/\/api.w.org\/{rel}","templated":true}]}}