{"id":68531,"date":"2019-02-19T10:39:24","date_gmt":"2019-02-19T08:39:24","guid":{"rendered":"https:\/\/www.caveaustar.ch\/produkt\/cs-lager-20\/"},"modified":"2025-11-18T10:53:38","modified_gmt":"2025-11-18T08:53:38","slug":"cs-lager-20-2","status":"publish","type":"product","link":"https:\/\/www.caveaustar.ch\/fr\/produit\/cs-lager-20-2\/","title":{"rendered":"CS-Lager-20"},"content":{"rendered":"","protected":false},"excerpt":{"rendered":"<p>L&rsquo;\u00e9tag\u00e8re de bureau de 200 cm de haut peut accueillir 30 classeurs f\u00e9d\u00e9raux.<\/p>\n<p>De plus, les formats A4 s&rsquo;adaptent parfaitement aux compartiments pour le classement de documents, d&rsquo;imprim\u00e9s, de bo\u00eetes aux lettres ou de papier \u00e0 photocopie, etc&#8230;<\/p>\n","protected":false},"featured_media":67609,"template":"","meta":{"jetpack_post_was_ever_published":false,"jetpack_publicize_message":"","jetpack_publicize_feature_enabled":true,"jetpack_social_post_already_shared":false,"jetpack_social_options":{"image_generator_settings":{"template":"highway","default_image_id":0,"font":"","enabled":false},"version":2}},"product_brand":[],"product_cat":[506,536],"product_tag":[577,702],"class_list":{"0":"post-68531","1":"product","2":"type-product","3":"status-publish","4":"has-post-thumbnail","6":"product_cat-bureau","7":"product_cat-casiers-de-stockage","8":"product_tag-bureau","9":"product_tag-dossier","10":"product_shipping_class-grand-modele","12":"first","13":"instock","14":"taxable","15":"shipping-taxable","16":"purchasable","17":"product-type-variable","18":"has-default-attributes"},"jetpack_publicize_connections":[],"jetpack_sharing_enabled":true,"_links":{"self":[{"href":"https:\/\/www.caveaustar.ch\/fr\/wp-json\/wp\/v2\/product\/68531","targetHints":{"allow":["GET"]}}],"collection":[{"href":"https:\/\/www.caveaustar.ch\/fr\/wp-json\/wp\/v2\/product"}],"about":[{"href":"https:\/\/www.caveaustar.ch\/fr\/wp-json\/wp\/v2\/types\/product"}],"wp:featuredmedia":[{"embeddable":true,"href":"https:\/\/www.caveaustar.ch\/fr\/wp-json\/wp\/v2\/media\/67609"}],"wp:attachment":[{"href":"https:\/\/www.caveaustar.ch\/fr\/wp-json\/wp\/v2\/media?parent=68531"}],"wp:term":[{"taxonomy":"product_brand","embeddable":true,"href":"https:\/\/www.caveaustar.ch\/fr\/wp-json\/wp\/v2\/product_brand?post=68531"},{"taxonomy":"product_cat","embeddable":true,"href":"https:\/\/www.caveaustar.ch\/fr\/wp-json\/wp\/v2\/product_cat?post=68531"},{"taxonomy":"product_tag","embeddable":true,"href":"https:\/\/www.caveaustar.ch\/fr\/wp-json\/wp\/v2\/product_tag?post=68531"}],"curies":[{"name":"wp","href":"https:\/\/api.w.org\/{rel}","templated":true}]}}