{"id":68500,"date":"2015-08-17T11:33:08","date_gmt":"2015-08-17T09:33:08","guid":{"rendered":"https:\/\/www.caveaustar.ch\/produkt\/cs-vinotheque-07\/"},"modified":"2026-02-25T15:48:33","modified_gmt":"2026-02-25T13:48:33","slug":"cs-vinothek-07","status":"publish","type":"product","link":"https:\/\/www.caveaustar.ch\/fr\/produit\/cs-vinothek-07\/","title":{"rendered":"CS-Vinoth\u00e8que-07"},"content":{"rendered":"","protected":false},"excerpt":{"rendered":"<p>Une \u00e9tag\u00e8re en gradins qui a de l&rsquo;allure et qui est id\u00e9ale \u00e0 des fins de pr\u00e9sentation.<\/p>\n","protected":false},"featured_media":66775,"template":"","meta":{"jetpack_post_was_ever_published":false,"jetpack_publicize_message":"","jetpack_publicize_feature_enabled":true,"jetpack_social_post_already_shared":false,"jetpack_social_options":{"image_generator_settings":{"template":"highway","default_image_id":0,"font":"","enabled":false},"version":2}},"product_brand":[],"product_cat":[518],"product_tag":[708,725],"class_list":{"0":"post-68500","1":"product","2":"type-product","3":"status-publish","4":"has-post-thumbnail","6":"product_cat-vinotheque","7":"product_tag-presentation","8":"product_tag-vinotheque-fr","9":"product_shipping_class-grand-modele","10":"pa_anzahl-flaschen-100-150-bouteilles","12":"first","13":"instock","14":"taxable","15":"shipping-taxable","16":"purchasable","17":"product-type-variable","18":"has-default-attributes"},"jetpack_publicize_connections":[],"jetpack_sharing_enabled":true,"_links":{"self":[{"href":"https:\/\/www.caveaustar.ch\/fr\/wp-json\/wp\/v2\/product\/68500","targetHints":{"allow":["GET"]}}],"collection":[{"href":"https:\/\/www.caveaustar.ch\/fr\/wp-json\/wp\/v2\/product"}],"about":[{"href":"https:\/\/www.caveaustar.ch\/fr\/wp-json\/wp\/v2\/types\/product"}],"wp:featuredmedia":[{"embeddable":true,"href":"https:\/\/www.caveaustar.ch\/fr\/wp-json\/wp\/v2\/media\/66775"}],"wp:attachment":[{"href":"https:\/\/www.caveaustar.ch\/fr\/wp-json\/wp\/v2\/media?parent=68500"}],"wp:term":[{"taxonomy":"product_brand","embeddable":true,"href":"https:\/\/www.caveaustar.ch\/fr\/wp-json\/wp\/v2\/product_brand?post=68500"},{"taxonomy":"product_cat","embeddable":true,"href":"https:\/\/www.caveaustar.ch\/fr\/wp-json\/wp\/v2\/product_cat?post=68500"},{"taxonomy":"product_tag","embeddable":true,"href":"https:\/\/www.caveaustar.ch\/fr\/wp-json\/wp\/v2\/product_tag?post=68500"}],"curies":[{"name":"wp","href":"https:\/\/api.w.org\/{rel}","templated":true}]}}