{"id":67897,"date":"2014-12-26T14:00:51","date_gmt":"2014-12-26T12:00:51","guid":{"rendered":"https:\/\/www.caveaustar.ch\/produkt\/cs-basic-09\/"},"modified":"2025-11-18T10:55:50","modified_gmt":"2025-11-18T08:55:50","slug":"cs-basic-09","status":"publish","type":"product","link":"https:\/\/www.caveaustar.ch\/fr\/produit\/cs-basic-09\/","title":{"rendered":"CS-Basic-09"},"content":{"rendered":"","protected":false},"excerpt":{"rendered":"<p>Un Casier \u00e0 vin spacieux pour les quantit\u00e9s de caisses ou de cartons, avec des possibilit\u00e9s pour le champagne et les formats sp\u00e9ciaux.<\/p>\n","protected":false},"featured_media":66241,"template":"","meta":{"jetpack_post_was_ever_published":false,"jetpack_publicize_message":"","jetpack_publicize_feature_enabled":true,"jetpack_social_post_already_shared":false,"jetpack_social_options":{"image_generator_settings":{"template":"highway","default_image_id":0,"font":"","enabled":false},"version":2}},"product_brand":[],"product_cat":[387],"product_tag":[486,563,487],"class_list":{"0":"post-67897","1":"product","2":"type-product","3":"status-publish","4":"has-post-thumbnail","6":"product_cat-basic-fr","7":"product_tag-12-bouteilles","8":"product_tag-allrounder-fr","9":"product_tag-basic-fr","10":"product_shipping_class-grand-modele","11":"pa_anzahl-flaschen-150-200-bouteilles","13":"first","14":"instock","15":"taxable","16":"shipping-taxable","17":"purchasable","18":"product-type-simple"},"jetpack_publicize_connections":[],"jetpack_sharing_enabled":true,"_links":{"self":[{"href":"https:\/\/www.caveaustar.ch\/fr\/wp-json\/wp\/v2\/product\/67897","targetHints":{"allow":["GET"]}}],"collection":[{"href":"https:\/\/www.caveaustar.ch\/fr\/wp-json\/wp\/v2\/product"}],"about":[{"href":"https:\/\/www.caveaustar.ch\/fr\/wp-json\/wp\/v2\/types\/product"}],"wp:featuredmedia":[{"embeddable":true,"href":"https:\/\/www.caveaustar.ch\/fr\/wp-json\/wp\/v2\/media\/66241"}],"wp:attachment":[{"href":"https:\/\/www.caveaustar.ch\/fr\/wp-json\/wp\/v2\/media?parent=67897"}],"wp:term":[{"taxonomy":"product_brand","embeddable":true,"href":"https:\/\/www.caveaustar.ch\/fr\/wp-json\/wp\/v2\/product_brand?post=67897"},{"taxonomy":"product_cat","embeddable":true,"href":"https:\/\/www.caveaustar.ch\/fr\/wp-json\/wp\/v2\/product_cat?post=67897"},{"taxonomy":"product_tag","embeddable":true,"href":"https:\/\/www.caveaustar.ch\/fr\/wp-json\/wp\/v2\/product_tag?post=67897"}],"curies":[{"name":"wp","href":"https:\/\/api.w.org\/{rel}","templated":true}]}}