{"id":67889,"date":"2014-12-23T19:31:32","date_gmt":"2014-12-23T17:31:32","guid":{"rendered":"https:\/\/www.caveaustar.ch\/produkt\/cs-basic-05\/"},"modified":"2026-04-28T15:16:08","modified_gmt":"2026-04-28T13:16:08","slug":"cs-basic-05","status":"publish","type":"product","link":"https:\/\/www.caveaustar.ch\/fr\/produit\/cs-basic-05\/","title":{"rendered":"CS-Classic-02"},"content":{"rendered":"","protected":false},"excerpt":{"rendered":"<p>Le simple rayonnage \u00e0 caisses. Ou la simple \u00e9tag\u00e8re de m\u00e9nage.<\/p>\n","protected":false},"featured_media":66217,"template":"","meta":{"jetpack_post_was_ever_published":false,"jetpack_publicize_message":"","jetpack_publicize_feature_enabled":true,"jetpack_social_post_already_shared":false,"jetpack_social_options":{"image_generator_settings":{"template":"highway","default_image_id":0,"font":"","enabled":false},"version":2}},"product_brand":[],"product_cat":[1256,547],"product_tag":[614,613,1262],"class_list":{"0":"post-67889","1":"product","2":"type-product","3":"status-publish","4":"has-post-thumbnail","6":"product_cat-classic","7":"product_cat-menage","8":"product_tag-articles-menagers","9":"product_tag-caisses","10":"product_tag-classic","11":"product_shipping_class-grand-modele","12":"pa_anzahl-flaschen-pas-dindication","14":"first","15":"instock","16":"taxable","17":"shipping-taxable","18":"purchasable","19":"product-type-simple"},"jetpack_publicize_connections":[],"jetpack_sharing_enabled":true,"_links":{"self":[{"href":"https:\/\/www.caveaustar.ch\/fr\/wp-json\/wp\/v2\/product\/67889","targetHints":{"allow":["GET"]}}],"collection":[{"href":"https:\/\/www.caveaustar.ch\/fr\/wp-json\/wp\/v2\/product"}],"about":[{"href":"https:\/\/www.caveaustar.ch\/fr\/wp-json\/wp\/v2\/types\/product"}],"wp:featuredmedia":[{"embeddable":true,"href":"https:\/\/www.caveaustar.ch\/fr\/wp-json\/wp\/v2\/media\/66217"}],"wp:attachment":[{"href":"https:\/\/www.caveaustar.ch\/fr\/wp-json\/wp\/v2\/media?parent=67889"}],"wp:term":[{"taxonomy":"product_brand","embeddable":true,"href":"https:\/\/www.caveaustar.ch\/fr\/wp-json\/wp\/v2\/product_brand?post=67889"},{"taxonomy":"product_cat","embeddable":true,"href":"https:\/\/www.caveaustar.ch\/fr\/wp-json\/wp\/v2\/product_cat?post=67889"},{"taxonomy":"product_tag","embeddable":true,"href":"https:\/\/www.caveaustar.ch\/fr\/wp-json\/wp\/v2\/product_tag?post=67889"}],"curies":[{"name":"wp","href":"https:\/\/api.w.org\/{rel}","templated":true}]}}