{"id":74904,"date":"2022-11-09T11:39:52","date_gmt":"2022-11-09T09:39:52","guid":{"rendered":"https:\/\/www.caveaustar.ch\/cave-a-vin\/"},"modified":"2025-11-13T09:52:28","modified_gmt":"2025-11-13T07:52:28","slug":"cave-a-vin","status":"publish","type":"page","link":"https:\/\/www.caveaustar.ch\/fr\/cave-a-vin\/","title":{"rendered":"Cave \u00e0 vin"},"content":{"rendered":"\n\n\t<section class=\"section\" id=\"section_1015367460\">\n\t\t<div class=\"section-bg fill\" >\n\t\t\t\t\t\t\t\t\t\n\t\t\t\n\n\t\t<\/div>\n\n\t\t\n\n\t\t<div class=\"section-content relative\">\n\t\t\t\n\n<div class=\"row row-collapse row-full-width\"  id=\"row-2138421822\">\n\n\n\t<div id=\"col-704192969\" class=\"col medium-6 small-12 large-6\"  >\n\t\t\t\t<div class=\"col-inner\"  >\n\t\t\t\n\t\t\t\n\n\n  <div class=\"banner has-hover has-parallax\" id=\"banner-855121812\">\n          <div class=\"banner-inner fill\">\n        <div class=\"banner-bg fill\" data-parallax=\"-3\" data-parallax-container=\".banner\" data-parallax-background>\n            <img decoding=\"async\" width=\"2560\" height=\"1920\" src=\"https:\/\/www.caveaustar.ch\/wp-content\/uploads\/2022\/05\/caveaustar-beleuchtung-stimmung-1-scaled.jpg\" class=\"bg attachment-original size-original\" alt=\"Weinkeller Einrichtung - Auf Mass und mit Beleuchtung\" \/>                                    \n                    <\/div>\n\t\t\n        <div class=\"banner-layers container\">\n            <div class=\"fill banner-link\"><\/div>            \n\n   <div id=\"text-box-531885560\" class=\"text-box banner-layer x50 md-x90 lg-x90 y50 md-y90 lg-y90 res-text\">\n              <div data-parallax=\"5\" data-parallax-fade=\"true\">       <div data-animate=\"none\">           <div class=\"text-box-content text dark\">\n              \n              <div class=\"text-inner text-right\">\n                  \n\n\t<div id=\"text-1208751762\" class=\"text\">\n\t\t\n\n<h3 class=\"alt-font\">Cave \u00e0 vin<\/h3>\n<h3 class=\"uppercase\"><strong>POUR LES PRIV\u00c9S<\/strong><\/h3>\n<p>Nous am\u00e9nageons votre cave \u00e0 vin priv\u00e9e. Sur demande, avec climatisation, \u00e9clairage et tout ce qui doit \u00eatre fait.<\/p>\n\t\t\n<style>\n#text-1208751762 {\n  font-size: 0.85rem;\n}\n<\/style>\n\t<\/div>\n\t\n<a href=\"https:\/\/www.caveaustar.ch\/fr\/le-chemin-vers-sa-propre-cave-a-vin\/\" class=\"button secondary\" >\n\t\t<span>Votre propre cave \u00e0 vin<\/span>\n\t<\/a>\n\n\n\n              <\/div>\n           <\/div>\n       <\/div>       <\/div>              \n<style>\n#text-box-531885560 .text-box-content {\n  background-color: rgba(98, 127, 154, 0.9);\n  font-size: 125%;\n}\n#text-box-531885560 .text-inner {\n  padding: 10px 10px 10px 10px;\n}\n#text-box-531885560 {\n  width: 80%;\n}\n@media (min-width:550px) {\n  #text-box-531885560 {\n    width: 70%;\n  }\n}\n<\/style>\n    <\/div>\n \n\n        <\/div>\n      <\/div>\n\n            \n<style>\n#banner-855121812 {\n  padding-top: 540px;\n}\n#banner-855121812 .overlay {\n  background-color: rgba(98, 127, 154, 0.5);\n}\n#banner-855121812 .banner-bg img {\n  object-position: 0% 60%;\n}\n<\/style>\n  <\/div>\n\n\n\n\t\t<\/div>\n\t\t\t\t\n<style>\n#col-704192969 > .col-inner {\n  padding: 0px 0px 0px 0px;\n}\n@media (min-width:550px) {\n  #col-704192969 > .col-inner {\n    padding: 0px 15px 0px 0px;\n  }\n}\n<\/style>\n\t<\/div>\n\n\t\n\n\t<div id=\"col-1502559148\" class=\"col medium-6 small-12 large-6\"  >\n\t\t\t\t<div class=\"col-inner\"  >\n\t\t\t\n\t\t\t\n\n\n  <div class=\"banner has-hover has-parallax\" id=\"banner-2111587796\">\n          <div class=\"banner-inner fill\">\n        <div class=\"banner-bg fill\" data-parallax=\"-3\" data-parallax-container=\".banner\" data-parallax-background>\n            <img decoding=\"async\" width=\"2560\" height=\"1920\" src=\"https:\/\/www.caveaustar.ch\/wp-content\/uploads\/2022\/08\/caveaustar-winzerpark-09-scaled.jpg\" class=\"bg attachment-original size-original\" alt=\"\" \/>                                    \n                    <\/div>\n\t\t\n        <div class=\"banner-layers container\">\n            <div class=\"fill banner-link\"><\/div>            \n\n   <div id=\"text-box-1960423280\" class=\"text-box banner-layer x50 md-x10 lg-x10 y50 md-y90 lg-y90 res-text\">\n                                <div class=\"text-box-content text dark\">\n              \n              <div class=\"text-inner text-left\">\n                  \n\n\t<div id=\"text-3488648836\" class=\"text\">\n\t\t\n\n<h3 class=\"alt-font\">Cave \u00e0 vin<\/h3>\n<h3 class=\"uppercase\"><strong>POUR LA GASTRONOMIE<\/strong><\/h3>\n<p>Nous am\u00e9nageons votre salle de d\u00e9gustation, votre carnozet ou simplement votre cave \u00e0 vin. Avec des surfaces de pr\u00e9sentation et des \u00e9ventails adapt\u00e9s selon la carte des vins.<\/p>\n\t\t\n<style>\n#text-3488648836 {\n  font-size: 0.85rem;\n}\n<\/style>\n\t<\/div>\n\t\n<a href=\"https:\/\/villa-winzerpark.ch\/de\/villa-winzerpark\/weinkeller\" target=\"_blank\" class=\"button secondary\" rel=\"noopener\" >\n\t\t<span>Restaurant du parc des vignerons<\/span>\n\t<\/a>\n\n\n\n              <\/div>\n           <\/div>\n                            \n<style>\n#text-box-1960423280 .text-box-content {\n  background-color: rgba(98, 127, 154, 0.9);\n  font-size: 125%;\n}\n#text-box-1960423280 .text-inner {\n  padding: 10px 10px 10px 10px;\n}\n#text-box-1960423280 {\n  width: 82%;\n}\n@media (min-width:550px) {\n  #text-box-1960423280 {\n    width: 70%;\n  }\n}\n<\/style>\n    <\/div>\n \n\n        <\/div>\n      <\/div>\n\n            \n<style>\n#banner-2111587796 {\n  padding-top: 540px;\n  background-color: rgb(113, 117, 186);\n}\n#banner-2111587796 .banner-bg img {\n  object-position: 47% 31%;\n}\n<\/style>\n  <\/div>\n\n\n\n\t\t<\/div>\n\t\t\t\t\n<style>\n#col-1502559148 > .col-inner {\n  padding: 10px 0px 0px 0px;\n}\n@media (min-width:550px) {\n  #col-1502559148 > .col-inner {\n    padding: 0px 0px 0px 15px;\n  }\n}\n<\/style>\n\t<\/div>\n\n\t\n\n<\/div>\n\n\t\t<\/div>\n\n\t\t\n<style>\n#section_1015367460 {\n  padding-top: 0px;\n  padding-bottom: 0px;\n}\n<\/style>\n\t<\/section>\n\t\n\n\t<section class=\"section\" id=\"section_1588462622\">\n\t\t<div class=\"section-bg fill\" >\n\t\t\t\t\t\t\t\t\t\n\t\t\t\n\n\t\t<\/div>\n\n\t\t\n\n\t\t<div class=\"section-content relative\">\n\t\t\t\n\n<div class=\"row row-collapse row-full-width\"  id=\"row-910954536\">\n\n\n\t<div id=\"col-1773804760\" class=\"col medium-6 small-12 large-6\"  >\n\t\t\t\t<div class=\"col-inner\"  >\n\t\t\t\n\t\t\t\n\n\n  <div class=\"banner has-hover has-parallax\" id=\"banner-1549569422\">\n          <div class=\"banner-inner fill\">\n        <div class=\"banner-bg fill\" data-parallax=\"-3\" data-parallax-container=\".banner\" data-parallax-background>\n            <img decoding=\"async\" width=\"2560\" height=\"1707\" src=\"https:\/\/www.caveaustar.ch\/wp-content\/uploads\/2019\/11\/DSC01677_web-scaled.jpg\" class=\"bg attachment-original size-original\" alt=\"\" \/>                                    \n                    <\/div>\n\t\t\n        <div class=\"banner-layers container\">\n            <div class=\"fill banner-link\"><\/div>            \n\n   <div id=\"text-box-1282881760\" class=\"text-box banner-layer x50 md-x20 lg-x20 y50 md-y90 lg-y90 res-text\">\n                                <div class=\"text-box-content text dark\">\n              \n              <div class=\"text-inner text-right\">\n                  \n\n\t<div id=\"text-3836991873\" class=\"text\">\n\t\t\n\n<h3 class=\"alt-font\">Installation<\/h3>\n<h3 class=\"uppercase\"><span style=\"font-size: 100%;\"><strong>VINOTH\u00c8QUES<\/strong><\/span><\/h3>\n<p><span style=\"font-size: 100%;\">L\u00e0 o\u00f9 le vin est vendu, nos casiers \u00e0 vin sont \u00e9galement une bonne aide. Avec des casiers \u00e0 vin sp\u00e9ciaux pour les vinoth\u00e8ques, nous offrons la combinaison d&rsquo;une pr\u00e9sentation et d&rsquo;un stockage \u00e0 emporter \u00e0 l&rsquo;\u00e9chelle du client.<\/span><\/p>\n\t\t\n<style>\n#text-3836991873 {\n  font-size: 0.85rem;\n}\n<\/style>\n\t<\/div>\n\t\n<a href=\"https:\/\/www.fortuna-delikatessen.ch\/salon\/keller\/\" target=\"_blank\" class=\"button secondary\" rel=\"noopener\" >\n\t\t<span>Fortuna - D\u00e9lices<\/span>\n\t<\/a>\n\n\n\n              <\/div>\n           <\/div>\n                            \n<style>\n#text-box-1282881760 .text-box-content {\n  background-color: rgba(98, 127, 154, 0.9);\n  font-size: 125%;\n}\n#text-box-1282881760 .text-inner {\n  padding: 10px 10px 10px 10px;\n}\n#text-box-1282881760 {\n  width: 82%;\n}\n@media (min-width:550px) {\n  #text-box-1282881760 {\n    width: 70%;\n  }\n}\n<\/style>\n    <\/div>\n \n\n        <\/div>\n      <\/div>\n\n            \n<style>\n#banner-1549569422 {\n  padding-top: 540px;\n  background-color: rgb(113, 117, 186);\n}\n#banner-1549569422 .banner-bg img {\n  object-position: 56% 60%;\n}\n<\/style>\n  <\/div>\n\n\n\n\t\t<\/div>\n\t\t\t\t\n<style>\n#col-1773804760 > .col-inner {\n  padding: 10px 0px 0px 0px;\n}\n@media (min-width:550px) {\n  #col-1773804760 > .col-inner {\n    padding: 0px 15px 0px 0px;\n  }\n}\n<\/style>\n\t<\/div>\n\n\t\n\n\t<div id=\"col-865621943\" class=\"col medium-6 small-12 large-6\"  >\n\t\t\t\t<div class=\"col-inner\"  >\n\t\t\t\n\t\t\t\n\n\n  <div class=\"banner has-hover has-parallax\" id=\"banner-140483885\">\n          <div class=\"banner-inner fill\">\n        <div class=\"banner-bg fill\" data-parallax=\"-3\" data-parallax-container=\".banner\" data-parallax-background>\n            <img decoding=\"async\" width=\"1920\" height=\"1440\" src=\"https:\/\/www.caveaustar.ch\/wp-content\/uploads\/2021\/09\/cs-konrad-konsole_01.jpg\" class=\"bg attachment-original size-original\" alt=\"\" \/>                                    \n                    <\/div>\n\t\t\n        <div class=\"banner-layers container\">\n            <div class=\"fill banner-link\"><\/div>            \n\n   <div id=\"text-box-1350351552\" class=\"text-box banner-layer x50 md-x10 lg-x10 y50 md-y90 lg-y90 res-text\">\n                                <div class=\"text-box-content text dark\">\n              \n              <div class=\"text-inner text-left\">\n                  \n\n\t<div id=\"text-127291249\" class=\"text\">\n\t\t\n\n<h3 class=\"alt-font\">Cave \u00e0 vin<\/h3>\n<h3 class=\"uppercase\"><strong>sur mesure<\/strong><\/h3>\n<p>Nous sommes flexibles. Comme notre syst\u00e8me. Comme votre demande. Vous avez une id\u00e9e personnelle que vous souhaitez poursuivre. Nous nous ferons un plaisir de vous aider.<\/p>\n\t\t\n<style>\n#text-127291249 {\n  font-size: 0.85rem;\n}\n<\/style>\n\t<\/div>\n\t\n<a href=\"https:\/\/www.caveaustar.ch\/fr\/cave-a-vin-de-reve\/\" class=\"button secondary\" >\n\t\t<span>Cave \u00e0 vin de r\u00eave<\/span>\n\t<\/a>\n\n\n\n              <\/div>\n           <\/div>\n                            \n<style>\n#text-box-1350351552 .text-box-content {\n  background-color: rgba(98, 127, 154, 0.9);\n  font-size: 125%;\n}\n#text-box-1350351552 .text-inner {\n  padding: 10px 10px 10px 10px;\n}\n#text-box-1350351552 {\n  width: 82%;\n}\n@media (min-width:550px) {\n  #text-box-1350351552 {\n    width: 70%;\n  }\n}\n<\/style>\n    <\/div>\n \n\n        <\/div>\n      <\/div>\n\n            \n<style>\n#banner-140483885 {\n  padding-top: 540px;\n  background-color: rgb(113, 117, 186);\n}\n#banner-140483885 .banner-bg img {\n  object-position: 43% 0%;\n}\n<\/style>\n  <\/div>\n\n\n\n\t\t<\/div>\n\t\t\t\t\n<style>\n#col-865621943 > .col-inner {\n  padding: 10px 0px 0px 0px;\n}\n@media (min-width:550px) {\n  #col-865621943 > .col-inner {\n    padding: 0px 0px 0px 15px;\n  }\n}\n<\/style>\n\t<\/div>\n\n\t\n\n<\/div>\n\n\t\t<\/div>\n\n\t\t\n<style>\n#section_1588462622 {\n  padding-top: 0px;\n  padding-bottom: 0px;\n}\n@media (min-width:550px) {\n  #section_1588462622 {\n    padding-top: 30px;\n    padding-bottom: 30px;\n  }\n}\n<\/style>\n\t<\/section>\n\t\n\n\t<section class=\"section\" id=\"section_412742762\">\n\t\t<div class=\"section-bg fill\" >\n\t\t\t\t\t\t\t\t\t\n\t\t\t\n\n\t\t<\/div>\n\n\t\t\n\n\t\t<div class=\"section-content relative\">\n\t\t\t\n\n\n  <div class=\"banner has-hover\" id=\"banner-382948103\">\n          <div class=\"banner-inner fill\">\n        <div class=\"banner-bg fill\" >\n            <img decoding=\"async\" width=\"2560\" height=\"1704\" src=\"https:\/\/www.caveaustar.ch\/wp-content\/uploads\/2022\/05\/DSC04551-edit-scaled.jpg\" class=\"bg attachment-original size-original\" alt=\"\" \/>                                    \n                    <\/div>\n\t\t\n        <div class=\"banner-layers container\">\n            <div class=\"fill banner-link\"><\/div>            \n\n   <div id=\"text-box-1533678263\" class=\"text-box banner-layer x50 md-x50 lg-x50 y50 md-y50 lg-y50 res-text\">\n              <div data-parallax=\"2\" data-parallax-fade=\"true\">                  <div class=\"text-box-content text dark\">\n              \n              <div class=\"text-inner text-center\">\n                  \n\n<h3 class=\"uppercase\"><strong>L&rsquo;INSPIRATION ?<\/strong><\/h3>\n<p>Chaque cave \u00e0 vin est unique. L&rsquo;espace disponible et les possibilit\u00e9s d&rsquo;extension cr\u00e9ent dans chaque projet des solutions que nous n&rsquo;avions pas auparavant. L&rsquo;exp\u00e9rience et les possibilit\u00e9s que nous pouvons offrir augmentent ainsi.<\/p>\n<a href=\"https:\/\/www.caveaustar.ch\/fr\/inspiration\/\" class=\"button secondary\" style=\"border-radius:99px;\">\n\t\t<span>Regarder maintenant<\/span>\n\t<\/a>\n\n\n\n              <\/div>\n           <\/div>\n              <\/div>              \n<style>\n#text-box-1533678263 .text-box-content {\n  background-color: rgba(98, 127, 154, 0.9);\n  font-size: 100%;\n}\n#text-box-1533678263 .text-inner {\n  padding: 10px 10px 10px 10px;\n}\n#text-box-1533678263 {\n  width: 79%;\n}\n@media (min-width:550px) {\n  #text-box-1533678263 {\n    width: 60%;\n  }\n}\n<\/style>\n    <\/div>\n \n\n        <\/div>\n      <\/div>\n\n            \n<style>\n#banner-382948103 {\n  padding-top: 500px;\n}\n#banner-382948103 .banner-bg img {\n  object-position: 28% 51%;\n}\n<\/style>\n  <\/div>\n\n\n\n\t\t<\/div>\n\n\t\t\n<style>\n#section_412742762 {\n  padding-top: 30px;\n  padding-bottom: 30px;\n}\n<\/style>\n\t<\/section>\n\t\n\n","protected":false},"excerpt":{"rendered":"<p>Nous concevons des caves \u00e0 vin pour des espaces priv\u00e9s ou publics avec nos casiers \u00e0 vin en bois. De l&rsquo;id\u00e9e \u00e0 l&rsquo;am\u00e9nagement, un seul fournisseur.<\/p>\n","protected":false},"author":1,"featured_media":72132,"parent":0,"menu_order":0,"comment_status":"closed","ping_status":"closed","template":"page-blank.php","meta":{"jetpack_post_was_ever_published":false,"footnotes":""},"class_list":["post-74904","page","type-page","status-publish","has-post-thumbnail","hentry"],"jetpack_sharing_enabled":true,"_links":{"self":[{"href":"https:\/\/www.caveaustar.ch\/fr\/wp-json\/wp\/v2\/pages\/74904","targetHints":{"allow":["GET"]}}],"collection":[{"href":"https:\/\/www.caveaustar.ch\/fr\/wp-json\/wp\/v2\/pages"}],"about":[{"href":"https:\/\/www.caveaustar.ch\/fr\/wp-json\/wp\/v2\/types\/page"}],"author":[{"embeddable":true,"href":"https:\/\/www.caveaustar.ch\/fr\/wp-json\/wp\/v2\/users\/1"}],"replies":[{"embeddable":true,"href":"https:\/\/www.caveaustar.ch\/fr\/wp-json\/wp\/v2\/comments?post=74904"}],"version-history":[{"count":9,"href":"https:\/\/www.caveaustar.ch\/fr\/wp-json\/wp\/v2\/pages\/74904\/revisions"}],"predecessor-version":[{"id":78776,"href":"https:\/\/www.caveaustar.ch\/fr\/wp-json\/wp\/v2\/pages\/74904\/revisions\/78776"}],"wp:featuredmedia":[{"embeddable":true,"href":"https:\/\/www.caveaustar.ch\/fr\/wp-json\/wp\/v2\/media\/72132"}],"wp:attachment":[{"href":"https:\/\/www.caveaustar.ch\/fr\/wp-json\/wp\/v2\/media?parent=74904"}],"curies":[{"name":"wp","href":"https:\/\/api.w.org\/{rel}","templated":true}]}}