{"id":68727,"date":"2015-03-24T15:56:12","date_gmt":"2015-03-24T13:56:12","guid":{"rendered":"https:\/\/www.caveaustar.ch\/mentions-legales-protection-des-donnees\/"},"modified":"2023-12-12T19:26:09","modified_gmt":"2023-12-12T17:26:09","slug":"mentions-legales-protection-des-donnees","status":"publish","type":"page","link":"https:\/\/www.caveaustar.ch\/fr\/mentions-legales-protection-des-donnees\/","title":{"rendered":"Mentions l\u00e9gales &#8211; Protection des donn\u00e9es"},"content":{"rendered":"\n<div class=\"row\"  id=\"row-1762243665\">\n\n\n\t<div id=\"col-207037720\" class=\"col medium-3 large-3\"  >\n\t\t\t\t<div class=\"col-inner\"  >\n\t\t\t\n\t\t\t\n\n<h3>Adresse de contact<\/h3>\n<p>CaveauStar***** GmbH<br>Biederthalstrasse 17b<br>4118 Rodersdorf<\/p>\n<p>+41 61 302 42 42<\/p>\n<p>info@caveaustar.ch<\/p>\n<p> <\/p>\n<h3>Personnes autoris\u00e9es \u00e0 repr\u00e9senter l&rsquo;association<\/h3>\n<p>Directeur : Silvan Schaad<\/p>\n<p> <\/p>\n<h3>Inscription au registre du commerce<\/h3>\n<p>Nom de l&rsquo;entreprise enregistr\u00e9e : CaveauStar***** GmbH<\/p>\n<p>Num\u00e9ro : CH28040113095<\/p>\n<p> <\/p>\n<h3>Num\u00e9ro de TVA<\/h3>\n<p>CHE-113.982.756 TVA<\/p>\n\n\t\t<\/div>\n\t\t\t\t\t<\/div>\n\n\t\n\n\t<div id=\"col-48182127\" class=\"col medium-9 large-9\"  >\n\t\t\t\t<div class=\"col-inner\"  >\n\t\t\t\n\t\t\t\n\n\n\n<script src=\"https:\/\/www.privacybee.ch\/widget.js\" defer><\/script>\n<privacybee-widget website-id=\"clq2m4j7t001ksx2zyojlsvi7\" lang=\"de\"><\/privacybee-widget>\n\n\n\t\t<\/div>\n\t\t\t\t\t<\/div>\n\n\t\n\n<\/div>\n\n","protected":false},"excerpt":{"rendered":"","protected":false},"author":1,"featured_media":0,"parent":0,"menu_order":0,"comment_status":"closed","ping_status":"closed","template":"","meta":{"jetpack_post_was_ever_published":false,"footnotes":""},"class_list":["post-68727","page","type-page","status-publish","hentry"],"jetpack_sharing_enabled":true,"_links":{"self":[{"href":"https:\/\/www.caveaustar.ch\/fr\/wp-json\/wp\/v2\/pages\/68727","targetHints":{"allow":["GET"]}}],"collection":[{"href":"https:\/\/www.caveaustar.ch\/fr\/wp-json\/wp\/v2\/pages"}],"about":[{"href":"https:\/\/www.caveaustar.ch\/fr\/wp-json\/wp\/v2\/types\/page"}],"author":[{"embeddable":true,"href":"https:\/\/www.caveaustar.ch\/fr\/wp-json\/wp\/v2\/users\/1"}],"replies":[{"embeddable":true,"href":"https:\/\/www.caveaustar.ch\/fr\/wp-json\/wp\/v2\/comments?post=68727"}],"version-history":[{"count":3,"href":"https:\/\/www.caveaustar.ch\/fr\/wp-json\/wp\/v2\/pages\/68727\/revisions"}],"predecessor-version":[{"id":77306,"href":"https:\/\/www.caveaustar.ch\/fr\/wp-json\/wp\/v2\/pages\/68727\/revisions\/77306"}],"wp:attachment":[{"href":"https:\/\/www.caveaustar.ch\/fr\/wp-json\/wp\/v2\/media?parent=68727"}],"curies":[{"name":"wp","href":"https:\/\/api.w.org\/{rel}","templated":true}]}}