{"id":66175,"date":"2014-10-19T22:54:32","date_gmt":"2014-10-19T20:54:32","guid":{"rendered":"https:\/\/www.caveaustar.ch\/panier\/"},"modified":"2024-04-23T09:33:18","modified_gmt":"2024-04-23T07:33:18","slug":"panier","status":"publish","type":"page","link":"https:\/\/www.caveaustar.ch\/fr\/panier\/","title":{"rendered":"Panier d&rsquo;achat"},"content":{"rendered":"\n\n\t<section class=\"section dark\" id=\"section_501691691\">\n\t\t<div class=\"section-bg fill\" >\n\t\t\t\t\t\t\t\t\t<div class=\"section-bg-overlay absolute fill\"><\/div>\n\t\t\t\n\n\t\t<\/div>\n\n\t\t\n\n\t\t<div class=\"section-content relative\">\n\t\t\t\n\n<div class=\"row row-small align-center\"  id=\"row-2087778950\">\n\n\n\t<div id=\"col-1407738927\" class=\"col medium-10 small-12 large-4\"  >\n\t\t\t\t<div class=\"col-inner\"  >\n\t\t\t\n\t\t\t\n\n<h4>Commandes \u00e0 l'\u00e9tranger<\/h4>\n\t<div id=\"gap-498334210\" class=\"gap-element clearfix\" style=\"display:block; height:auto;\">\n\t\t\n<style>\n#gap-498334210 {\n  padding-top: 30px;\n}\n<\/style>\n\t<\/div>\n\t\n\n<a href=\"https:\/\/www.caveaustar.ch\/fr\/contact\/\" class=\"button secondary\" >\n\t<i class=\"icon-user\" aria-hidden=\"true\"><\/i>\t<span>Contact<\/span>\n\t<\/a>\n\n\n\n\t\t<\/div>\n\t\t\t\t\t<\/div>\n\n\t\n\n\t<div id=\"col-137148832\" class=\"col medium-10 small-12 large-8\"  >\n\t\t\t\t<div class=\"col-inner\"  >\n\t\t\t\n\t\t\t\n\n<ul style=\"font-size: 90%; line-height: 100%;\">\n<li class=\"bullet-checkmark\"><strong>Nous livrons aussi volontiers en dehors de la Suisse et du Liechtenstein.<\/strong><\/li>\n<li class=\"bullet-checkmark\">Malheureusement, les commandes depuis l'\u00e9tranger ne peuvent pas encore \u00eatre pass\u00e9es via la boutique.<\/li>\n<li class=\"bullet-checkmark\">Contactez-nous via le <strong>\n  <a href=\"https:\/\/www.caveaustar.ch\/fr\/contact\/\">Formulaire de contact<\/a>\n<\/strong> en indiquant les produits souhait\u00e9s et votre adresse et nous vous contacterons dans les plus brefs d\u00e9lais.<\/li>\n<\/ul>\n\n\t\t<\/div>\n\t\t\t\t\t<\/div>\n\n\t\n\n<\/div>\n<div class=\"row row-small align-center\"  id=\"row-1186691283\">\n\n\n\t<div id=\"col-1180578144\" class=\"col medium-10 small-12 large-4\"  >\n\t\t\t\t<div class=\"col-inner\"  >\n\t\t\t\n\t\t\t\n\n<h4>Livraison<\/h4>\n\n\t\t<\/div>\n\t\t\t\t\t<\/div>\n\n\t\n\n\t<div id=\"col-1102747321\" class=\"col medium-10 small-12 large-8\"  >\n\t\t\t\t<div class=\"col-inner\"  >\n\t\t\t\n\t\t\t\n\n<ul style=\"font-size: 90%; line-height: 100%;\">\n<li class=\"bullet-checkmark\">Les frais de livraison sont calcul\u00e9s jusqu'au bord du trottoir.<\/li>\n<li class=\"bullet-checkmark\"><strong>D\u00e9lai(s) de livraison : en r\u00e8gle g\u00e9n\u00e9rale, la production prend environ 4 \u00e0 5 semaines \u00e0 partir de la commande.<\/strong><\/li>\n<\/ul>\n\n\t\t<\/div>\n\t\t\t\t\t<\/div>\n\n\t\n\n<\/div>\n<div class=\"row row-small align-center\"  id=\"row-119342316\">\n\n\n\t<div id=\"col-930944135\" class=\"col medium-10 small-12 large-4\"  >\n\t\t\t\t<div class=\"col-inner\"  >\n\t\t\t\n\t\t\t\n\n<h4>Installation<\/h4>\n\n\t\t<\/div>\n\t\t\t\t\t<\/div>\n\n\t\n\n\t<div id=\"col-1141978531\" class=\"col medium-10 small-12 large-8\"  >\n\t\t\t\t<div class=\"col-inner\"  >\n\t\t\t\n\t\t\t\n\n<ul style=\"font-size: 90%; line-height: 100%;\">\n<li class=\"bullet-checkmark\">Les frais d'installation pour les commandes plus importantes et les caves enti\u00e8res ne sont pas encore inclus dans le prix affich\u00e9.<\/li>\n<li class=\"bullet-checkmark\">Les frais de mise en place peuvent \u00eatre ajout\u00e9s sur la page de caisse (Checkout) et sont recommand\u00e9s pour les livraisons plus importantes.<\/li>\n<li class=\"bullet-checkmark\">Nous r\u00e9pondons volontiers aux demandes sp\u00e9ciales. Pour cela, \u00e9crivez une note lors de la saisie de l'adresse ou utilisez notre <strong>\n  <a href=\"https:\/\/www.caveaustar.ch\/fr\/contact\/\">Formulaire de contact<\/a>\n<\/strong>.<\/li>\n<\/ul>\n\n\t\t<\/div>\n\t\t\t\t\t<\/div>\n\n\t\n\n<\/div>\n\n\t\t<\/div>\n\n\t\t\n<style>\n#section_501691691 {\n  padding-top: 30px;\n  padding-bottom: 30px;\n  background-color: rgb(39, 54, 71);\n}\n#section_501691691 .section-bg-overlay {\n  background-color: rgb(98, 127, 154);\n}\n<\/style>\n\t<\/section>\n\t\n\n\t<div id=\"gap-2003968359\" class=\"gap-element clearfix\" style=\"display:block; height:auto;\">\n\t\t\n<style>\n#gap-2003968359 {\n  padding-top: 30px;\n}\n<\/style>\n\t<\/div>\n\t\n\n\n\n\n","protected":false},"excerpt":{"rendered":"","protected":false},"author":1,"featured_media":0,"parent":0,"menu_order":0,"comment_status":"closed","ping_status":"open","template":"page-blank.php","meta":{"jetpack_post_was_ever_published":false,"footnotes":""},"class_list":["post-66175","page","type-page","status-publish","hentry"],"jetpack_sharing_enabled":true,"_links":{"self":[{"href":"https:\/\/www.caveaustar.ch\/fr\/wp-json\/wp\/v2\/pages\/66175","targetHints":{"allow":["GET"]}}],"collection":[{"href":"https:\/\/www.caveaustar.ch\/fr\/wp-json\/wp\/v2\/pages"}],"about":[{"href":"https:\/\/www.caveaustar.ch\/fr\/wp-json\/wp\/v2\/types\/page"}],"author":[{"embeddable":true,"href":"https:\/\/www.caveaustar.ch\/fr\/wp-json\/wp\/v2\/users\/1"}],"replies":[{"embeddable":true,"href":"https:\/\/www.caveaustar.ch\/fr\/wp-json\/wp\/v2\/comments?post=66175"}],"version-history":[{"count":1,"href":"https:\/\/www.caveaustar.ch\/fr\/wp-json\/wp\/v2\/pages\/66175\/revisions"}],"predecessor-version":[{"id":77528,"href":"https:\/\/www.caveaustar.ch\/fr\/wp-json\/wp\/v2\/pages\/66175\/revisions\/77528"}],"wp:attachment":[{"href":"https:\/\/www.caveaustar.ch\/fr\/wp-json\/wp\/v2\/media?parent=66175"}],"curies":[{"name":"wp","href":"https:\/\/api.w.org\/{rel}","templated":true}]}}